{"id":36,"date":"2020-12-30T18:08:48","date_gmt":"2020-12-30T18:08:48","guid":{"rendered":"http:\/\/ppgf.42web.io\/?page_id=36"},"modified":"2026-03-23T08:44:11","modified_gmt":"2026-03-23T11:44:11","slug":"docentes","status":"publish","type":"page","link":"https:\/\/ppgf.uern.br\/?page_id=36","title":{"rendered":"Docentes"},"content":{"rendered":"\t\t<div data-elementor-type=\"wp-page\" data-elementor-id=\"36\" class=\"elementor elementor-36\" data-elementor-post-type=\"page\">\n\t\t\t\t\t\t<section class=\"elementor-section elementor-top-section elementor-element elementor-element-72b2145 elementor-section-boxed elementor-section-height-default elementor-section-height-default\" data-id=\"72b2145\" data-element_type=\"section\">\n\t\t\t\t\t\t<div class=\"elementor-container elementor-column-gap-default\">\n\t\t\t\t\t<div class=\"elementor-column elementor-col-100 elementor-top-column elementor-element elementor-element-38cfedd\" data-id=\"38cfedd\" data-element_type=\"column\">\n\t\t\t<div class=\"elementor-widget-wrap elementor-element-populated\">\n\t\t\t\t\t\t<div class=\"elementor-element elementor-element-25982ad elementor-widget elementor-widget-text-editor\" data-id=\"25982ad\" data-element_type=\"widget\" data-widget_type=\"text-editor.default\">\n\t\t\t\t<div class=\"elementor-widget-container\">\n\t\t\t\t\t\t\t\t\t<h4>Docentes Permanentes<\/h4><p><a href=\"http:\/\/lattes.cnpq.br\/7211312864602492\" target=\"_blank\" rel=\"noopener\"><b>Ana L\u00facia Dantas<\/b><\/a><br \/>Gradua\u00e7\u00e3o em F\u00edsica Bacharelado pela Universidade Federal do Rio Grande do Norte &#8211; UFRN (1992), mestrado em F\u00edsica pela UFRN (1995) e doutorado em F\u00edsica pela UFRN (1999). Em 2005, fez p\u00f3s-doutorado na Universidade do Colorado, nos EUA. Atualmente \u00e9 professora adjunto da Universidade do Estado do Rio Grande do Norte &#8211; UERN e Diretora do Campus da UERN em Natal. Tem experi\u00eancia na \u00e1rea de F\u00edsica, com \u00eanfase em Materiais Magn\u00e9ticos e Propriedades Magn\u00e9ticas, atuando principalmente em temas relacionados com sistemas magn\u00e9ticos nanoestruturados e aplica\u00e7\u00f5es biom\u00e9dicas.<\/p><p><b style=\"letter-spacing: 0px;\"><a href=\"http:\/\/lattes.cnpq.br\/8875171330114773\" target=\"_blank\" rel=\"noopener\">Br\u00e1ulio Batista Soares<\/a><\/b><\/p><p>Tem bacharelado, Mestrado, Doutorado e P\u00f3s-Doutorado em F\u00edsica pela Universidade Federal do Rio Grande do Norte. Atua principalmente nos seguintes temas: rota\u00e7\u00e3o e evolu\u00e7\u00e3o estelar, estat\u00edsticas generalizadas extensivas e n\u00e3o-extensivas, e distribui\u00e7\u00f5es estat\u00edsticas.<\/p><p><b><a href=\"http:\/\/lattes.cnpq.br\/0554474279738500\" target=\"_blank\" rel=\"noopener\">Dory H\u00e9lio Aires de Lima Anselmo<\/a><\/b><br \/>Concluiu o Doutorado em F\u00edsica pela Universidade Federal do Rio Grande do Norte &#8211; UFRN em 1999. Atualmente \u00e9 professor da UFRN. Atua na \u00e1rea de F\u00edsica, com \u00eanfase em materiais magn\u00e9ticos, propriedades magn\u00e9ticas e ultimamente tem se dedicado \u00e0 pesquisa em estat\u00edsticas generalizadas. Em suas atividades profissionais interagiu com dezenas de colaboradores em co-autorias de trabalhos cient\u00edficos. Em seu curr\u00edculo Lattes os termos mais freq\u00fcentes na contextualiza\u00e7\u00e3o da produ\u00e7\u00e3o cient\u00edfica, tecnol\u00f3gica e art\u00edstico-cultural s\u00e3o: Superlattices, spin waves, super-redes, optical phonons, ondas de spin, localization, multifractals, anisotropy, e estruturas quasiperiodicas.<\/p><p><b><a href=\"http:\/\/lattes.cnpq.br\/1421015220845993\" target=\"_blank\" rel=\"noopener\">Ed\u00e9sio Miguel Barboza J\u00fanior<\/a><\/b><br \/>Gradua\u00e7\u00e3o em F\u00edsica pela Universidade Federal Fluminense &#8211; UFF (2004), mestrado em F\u00edsica pela UFF (2007) e doutorado em Astronomia pelo Observat\u00f3rio Nacional (2010). Atualmente \u00e9 Professor da Universidade do Estado do Rio Grande do Norte. Tem experi\u00eancia na \u00e1rea de Astronomia, com \u00eanfase em Cosmologia, atuando principalmente nos seguintes temas: cosmologia qu\u00e2ntica e energia escura.<\/p><p><b><a href=\"http:\/\/lattes.cnpq.br\/3437739405350090\" target=\"_blank\" rel=\"noopener\">F\u00e1bio Cabral Carvalho<\/a><\/b><br \/>Gradua\u00e7\u00e3o em F\u00edsica pela Universidade Federal da Para\u00edba &#8211; UFPB (1998), mestrado em F\u00edsica pela UFPB (2000) e doutorado em F\u00edsica pela Universidade de S\u00e3o Paulo (2005). Realizou p\u00f3s-doutorado no Observat\u00f3rio Nacional (2005-2007) e no Instituto Nacional de Pesquisas Espaciais (2008-2009). Atualmente \u00e9 professor do Departamento de F\u00edsica da Universidade do Estado do Rio Grande do Norte. Tem experi\u00eancia na \u00e1rea de F\u00edsica, com \u00eanfase em Cosmologia, atuando principalmente nos seguintes temas: energia escura, acelera\u00e7\u00e3o do Universo, modelos de quintess\u00eancia, infla\u00e7\u00e3o, radia\u00e7\u00e3o c\u00f3smica de fundo, teorias f(R) da gravita\u00e7\u00e3o e aplica\u00e7\u00f5es de Termodin\u00e2mica em Cosmologia.<\/p><p><a href=\"http:\/\/lattes.cnpq.br\/9522788035526763\"><b>Felipe Bohn<\/b><\/a><br \/>Felipe Bohn \u00e9 Bacharel (2003), Mestre (2005) e Doutor (2009) em F\u00edsica pela Universidade Federal de Santa Maria (UFSM), Santa Maria, RS. Realizou est\u00e1gio de p\u00f3s-doutorado no Centro Brasileiro de Pesquisas F\u00edsicas (CBPF), no Rio de Janeiro, RJ, em 2009. Atualmente, \u00e9 professor associado IV no Departamento de F\u00edsica da Universidade Federal do Rio Grande do Norte (UFRN), em Natal, RN. Sua atua\u00e7\u00e3o cient\u00edfica \u00e9 centrada na \u00e1rea de F\u00edsica da Mat\u00e9ria Condensada, com foco em materiais magn\u00e9ticos nanoestruturados. Sua pesquisa abrange temas como din\u00e2mica de magnetiza\u00e7\u00e3o em nanoestruturas e spintr\u00f4nica, al\u00e9m de nanofabrica\u00e7\u00e3o e caracteriza\u00e7\u00e3o de filmes ferromagn\u00e9ticos e nanopart\u00edculas. Utilizando t\u00e9cnicas experimentais avan\u00e7adas, modelos te\u00f3ricos e simula\u00e7\u00f5es computacionais, seus estudos contribuem tanto para o avan\u00e7o da ci\u00eancia b\u00e1sica quanto para o desenvolvimento de aplica\u00e7\u00f5es tecnol\u00f3gicas. Felipe \u00e9 autor de mais de 100 artigos publicados em revistas cient\u00edficas internacionais e detentor de 4 cartas-patente. Seus trabalhos somam mais de 2000 cita\u00e7\u00f5es, com \u00edndice h 23, refletindo seu impacto na comunidade cient\u00edfica. Tem mais de uma centena de trabalhos em congressos, incluindo apresenta\u00e7\u00f5es orais e talks como palestrante convidado. \u00c9 l\u00edder do Grupo de Magnetismo e pesquisador do Grupo de Nanoestruturas Magn\u00e9ticas e Semicondutoras, ambos grupos de pesquisa consolidados na UFRN. Coordena projetos e colabora em pesquisas na \u00e1rea de F\u00edsica Experimental, atuando como orientador e supervisor em diferentes n\u00edveis nos Programas de P\u00f3s-Gradua\u00e7\u00e3o em F\u00edsica da UFRN (n\u00edvel 5 na CAPES) e da Universidade do Estado do Rio Grande do Norte (n\u00edvel 4), com mais de uma dezena de mestres e doutores j\u00e1 formados. No \u00e2mbito administrativo, foi vice-coordenador do curso de F\u00edsica Bacharelado (2026-2019), participou da Comiss\u00e3o de P\u00f3s-Gradua\u00e7\u00e3o da UFRN (2019-2024) e foi coordenador do Programa de P\u00f3s-Gradua\u00e7\u00e3o em F\u00edsica da UFRN (2019-2023). Al\u00e9m de suas contribui\u00e7\u00f5es \u00e0 pesquisa e \u00e0 forma\u00e7\u00e3o de recursos humanos, dedica-se ativamente \u00e0 divulga\u00e7\u00e3o cient\u00edfica por meio da organiza\u00e7\u00e3o de eventos, incluindo os principais encontros nacionais e internacionais na \u00e1rea de magnetismo. \u00c9 consultor ad hoc de ag\u00eancias de fomento, como CNPq, CAPES, SBPC e Czech Science Foundation, e atua como revisor de mais de 25 revistas internacionais, entre elas os principais jornais de F\u00edsica e F\u00edsica da Mat\u00e9ria Condensada. Ademais, colabora frequentemente na editoria de peri\u00f3dicos no exterior, tendo sido Editor-chefe do IEEE Trans. Magn. das edi\u00e7\u00f5es associadas ao Intermag 2023 e Intermag 2024 e Editor Associado do AIP Adv. na edi\u00e7\u00e3o do MMM 2023. Atualmente, faz parte do corpo editorial do IEEE Trans. Magn. como Editor Associado. Em rela\u00e7\u00e3o \u00e0 atua\u00e7\u00e3o em sociedades cient\u00edficas, \u00e9 associado da IEEE, IEEE Magnetics Society, SBF e SBPMat, foi eleito como membro do Comit\u00ea Administrativo da IEEE Magnetics Society (mandato 2025-2027), inidcado como membro do Comit\u00ea de Educa\u00e7\u00e3o, Comit\u00ea T\u00e9cnico e Comit\u00ea de Membros da mesma sociedade e recentemente foi designado para a posi\u00e7\u00e3o de Press Liaison da IEEE Magnetics Society (2025-2029). Dada sua atua\u00e7\u00e3o cient\u00edfica, foi reconhecido em 2019 pela Academia Brasileira de Ci\u00eancias (ABC), sendo agraciado com a posi\u00e7\u00e3o de Membro Afiliado da ABC para o quinqu\u00eanio 2019-2023. Al\u00e9m disso, \u00e9 Bolsista de Produtividade em Pesquisa do CNPq desde 2012, tendo sido promovido ao n\u00edvel PQ-1D em 2021. Maiores informa\u00e7\u00f5es sobre sua trajet\u00f3ria cient\u00edfica podem ser encontradas em Scopus (https:\/\/www.scopus.com\/authid\/detail.uri?authorId=14420660900), ORCID (https:\/\/orcid.org\/0000-0002-5907-4106), ResearcherID (https:\/\/www.webofscience.com\/wos\/author\/record\/F-9233-2011) e Google Scholar (https:\/\/scholar.google.com\/citations?user=U-jtJkAAAAAJhl=en)<\/p><p><b><a href=\"http:\/\/lattes.cnpq.br\/2108722656012583\" target=\"_blank\" rel=\"noopener\">Jo\u00e3o Maria Soares<\/a><\/b><br \/>Gradua\u00e7\u00e3o em F\u00edsica Bacharelado pela Universidade Federal do Rio Grande do Norte &#8211; UFRN (1998), mestrado em UFRN (2001) e doutorado em F\u00edsica pela UFRN (2004). Atualmente \u00e9 professor da Universidade do Estado do Rio Grande do Norte &#8211; UERN. Foi coordenador do Programa de P\u00f3s-Gradua\u00e7\u00e3o em F\u00edsica da UERN. Tem experi\u00eancia na \u00e1rea de F\u00edsica, com \u00eanfase na prepara\u00e7\u00e3o, estudo das propriedades estruturais, magn\u00e9ticas e de transporte eletr\u00f4nico de materiais, como: nanopart\u00edculas magn\u00e9ticas, ligas granulares, nanocomp\u00f3sitos magn\u00e9ticos, ferritas, perovskitas, hexaferritas.<\/p><p><b><a href=\"http:\/\/lattes.cnpq.br\/0145929965828271\" target=\"_blank\" rel=\"noopener\">Jos\u00e9 Marcos Sasaki<\/a><\/b><br \/>Possui gradua\u00e7\u00e3o em Licenciatura em F\u00edsica pela Universidade Estadual de Maring\u00e1 &#8211; UEM (1983), mestrado em F\u00edsica (1988) e doutorado em F\u00edsica pelo Instituto de F\u00edsica Gleb Wataghin da Unicamp (1993). Desde abril de 2016 \u00e9 professor titular do Departamento de F\u00edsica da Universidade Federal do Cear\u00e1 &#8211; UFC. Tem experi\u00eancia na \u00e1rea de F\u00edsica, atuando principalmente nos seguintes temas de pesquisa: teoria din\u00e2mica da difra\u00e7\u00e3o de raios-x, nanopart\u00edculas e m\u00e9todo Rietveld. \u00c9 coordenador do Laborat\u00f3rio Multiusu\u00e1rios em Nanotecnologia\/CNPq. Atualmente trabalha na caracteriza\u00e7\u00e3o de cristais por difra\u00e7\u00e3o de raios x usando radia\u00e7\u00e3o s\u00edncrotron e na s\u00edntese de nanopart\u00edculas aplicadas em sensores \u00f3pticos e c\u00e9lulas fotovoltaicas.<\/p><p><b><a href=\"http:\/\/lattes.cnpq.br\/3714905065293466\" target=\"_blank\" rel=\"noopener\">Jos\u00e9 Ronaldo Pereira da Silva<\/a><\/b><br \/>\u00c9 bacharel, mestre e doutor em F\u00edsica, com \u00e1rea de concentra\u00e7\u00e3o em Astrof\u00edsica Estelar pela Universidade Federal do Rio Grande do Norte. Leciona nos cursos de gradua\u00e7\u00e3o e p\u00f3s-gradua\u00e7\u00e3o em F\u00edsica da Universidade do Estado do Rio Grande do Norte. Suas pesquisas visam o desenvolvimento e\/ou aplica\u00e7\u00e3o de novos m\u00e9todos estat\u00edsticos para analisar rela\u00e7\u00f5es entre rota\u00e7\u00e3o e par\u00e2metros f\u00edsicos das estrelas, bem como a aplica\u00e7\u00e3o das estat\u00edsticas generalizadas a sistemas astrof\u00edsicos.<\/p><p><b><a href=\"http:\/\/lattes.cnpq.br\/7812463045514059\" target=\"_blank\" rel=\"noopener\">Leonardo Andrade de Almeida<\/a><\/b><br \/>\u00c9 professor do Departamento da Universidade Federal do Rio Grande do Norte. Possui mestrado (2009) e doutorado (2012) em Astrof\u00edsica pelo Instituto Nacional de Pesquisas Espaciais e bacharelado em F\u00edsica (2006) pela Universidade Estadual de Feira de Santana. Trabalhou no Departamento de Astronomia da USP (2013-2014 e 2015-2017), no Departamento de F\u00edsica e Astronomia &#8211; Johns Hopkins University (2014-2015), no Departamento de F\u00edsica da UFRN (2017-2019) como p\u00f3s-doutor e no Departamento de F\u00edsica da Universidade do Estado do Rio Grande do Norte como professor visitante (2019-2020). T\u00eam experi\u00eancia em Astrof\u00edsica atuando nas seguintes \u00e1reas: Evolu\u00e7\u00e3o Estelar e Exoplanetologia.<\/p><p><span style=\"font-weight: bold;\"><a href=\"http:\/\/lattes.cnpq.br\/4109484014804133\" target=\"_blank\" rel=\"noopener\">Manoel Silva de Vasconcelos<\/a><\/span><\/p><p>Pesquisador possui gradua\u00e7\u00e3o em F\u00edsica pela Universidade Federal do Rio Grande do Norte (1994), mestrado em F\u00edsica pela Universidade Federal do Rio Grande do Norte (1995) e doutorado em F\u00edsica pela Universidade Federal do Rio Grande do Norte (1999). Atualmente \u00e9 Professor Titular do Departamento de F\u00edsica Te\u00f3rica e Experimental da Universidade Federal do Rio Grande do Norte. Tamb\u00e9m \u00e9 revisor dos Journal of Physics D. Applied Physics (0022-3727), Journal of Optics. A, Journal of Physics. Condensed Matter, Physical Review Letters, Physical Review B e Physical Review E. Tem experi\u00eancia na \u00e1rea de F\u00edsica, com \u00eanfase em Cristais Fot\u00f4nicos, multicamadas Semicondutoras e Diel\u00e9tricas, e grafenos, atuando principalmente nos seguintes temas: polaritons, quasi-cristais, super-redes e multicamadas.<\/p><p><b><a href=\"http:\/\/lattes.cnpq.br\/4109484014804133\" target=\"_blank\" rel=\"noopener\">Maria Aldinez Dantas<\/a><\/b><br \/>Tem gradua\u00e7\u00e3o em F\u00edsica pela Universidade Federal do Rio Grande do Norte (2004), mestrado (2007) e doutorado (2011) em Astronomia pelo Observat\u00f3rio Nacional. Tem experi\u00eancia na \u00e1rea de Astronomia, com \u00eanfase em Cosmologia.<\/p><p><b style=\"letter-spacing: 0px;\"><a href=\"http:\/\/lattes.cnpq.br\/6971289656108891\" target=\"_blank\" rel=\"noopener\">Thomas Dumelow<\/a><\/b><\/p><p>Graduado em F\u00edsico-Qu\u00edmica pela University of Sussex (1974), mestrado em Ci\u00eancias pela University of East Anglia (1976) e PhD em F\u00edsica pela Loughborough University Of Technology (1984). Atualmente \u00e9 professor adjunto da Universidade do Estado do Rio Grande do Norte. Tem experi\u00eancia na \u00e1rea de F\u00edsica, com \u00eanfase em propriedades \u00f3pticas e espectroscopia da mat\u00e9ria condensada, intera\u00e7\u00e3o da mat\u00e9ria com radia\u00e7\u00e3o e part\u00edculas. Atua principalmente nos seguintes temas: espectroscopia no infravermelho distante, super redes semicondutoras, resson\u00e2ncia magn\u00e9tica nuclear, f\u00f4nons e magnetiza\u00e7\u00e3o.<\/p><p><b><a href=\"http:\/\/lattes.cnpq.br\/4851197994170100\" target=\"_blank\" rel=\"noopener\">Vamberto Dias de Mello<\/a><\/b><br \/>\u00c9 graduado em F\u00edsica pela Universidade Federal do Rio Grande do Norte &#8211; UFRN (1994), mestrado em F\u00edsica pela UFRN (1997) e doutorado em F\u00edsica pela UFRN (2005). Atualmente \u00e9 professor da Universidade do Estado do Rio Grande do Norte. Tem experi\u00eancia na \u00e1rea de F\u00edsica, com \u00eanfase em Materiais Magn\u00e9ticos e Propriedades Magn\u00e9ticas, atuando principalmente nos seguintes temas: propriedades magn\u00e9ticas de filmes finos de terras raras e efeito magnetocal\u00f3rico.<\/p><h4>Colaboradores<\/h4><p><b><a href=\"http:\/\/lattes.cnpq.br\/8047604543096116\" target=\"_blank\" rel=\"noopener\">Idalmir de Souza Queiroz J\u00fanior<\/a><\/b><br \/>Tem gradua\u00e7\u00e3o em Engenharia El\u00e9trica pela Universidade Federal do Rio Grande do Norte &#8211; UFRN (1992) optando pelas \u00eanfases em Telecomunica\u00e7\u00f5es e Eletr\u00f4nica. Cursou mestrado em Engenharia El\u00e9trica pela UFRN (1995) na \u00e1rea de Teoria Eletromagn\u00e9tica, Microondas, Propaga\u00e7\u00e3o de Ondas e Antenas. Fez doutorado em F\u00edsica pela UFRN (2003) na \u00e1rea de em Equa\u00e7\u00f5es de Estado, Equil\u00edbrio de Fases e Transi\u00e7\u00f5es de Fase. Concluiu seu P\u00f3s-Doutorado em F\u00edsica na \u00e1rea de Magnetismo e Propriedades Magn\u00e9ticas, aplicado em nanoestruturas magn\u00e9ticas e spintr\u00f4nicas. Atualmente trabalha em Simula\u00e7\u00e3o de Monte Carlo de Sistemas Magn\u00e9ticos e modelos de micromagnetismo em nano estruturas magn\u00e9ticas.<\/p><p><b><a href=\"http:\/\/lattes.cnpq.br\/4155460451627060\" target=\"_blank\" rel=\"noopener\">Leonardo Linhares Oliveira<\/a><\/b><br \/>Possui gradua\u00e7\u00e3o em F\u00edsica pela Universidade do Estado do Rio Grande do Norte (2009), mestrado em Mestrado em F\u00edsica pela Universidade do Estado do Rio Grande do Norte (2012) e doutorado em F\u00edsica pela Universidade Federal do Rio Grande do Norte (2016). Tem experi\u00eancia na \u00e1rea de F\u00edsica, com \u00eanfase em Materiais Magn\u00e9ticos e Propriedades Magn\u00e9ticas, atuando principalmente em temas relacionados com sistemas magn\u00e9ticos nanoestruturados.<\/p><p><b><a href=\"http:\/\/lattes.cnpq.br\/1388531008519499\" target=\"_blank\" rel=\"noopener\">Mackson Matheus Fran\u00e7a Nepomuceno<\/a><\/b><br \/>\u00c9 licenciado em F\u00edsica pela Universidade do Estado do Rio Grande do Norte &#8211; UERN e mestre em F\u00edsica pela UERN, com estudos na \u00e1rea de rota\u00e7\u00e3o estelar. Fez doutorado em f\u00edsica pela Universidade Federal do Rio Grande do Norte com \u00eanfase em an\u00e1lise estat\u00edstica de ondas gravitacionais detectadas pelo LIGO. Atualmente \u00e9 professor Adjunto da Universidade Federal Rural do Semi-\u00c1rido. Tem interesse em F\u00edsica Geral com \u00eanfase em Astrof\u00edsica Estelar e Astroestat\u00edstica.<\/p><p><b><a href=\"http:\/\/lattes.cnpq.br\/6541188173799939\" target=\"_blank\" rel=\"noopener\">Rodolfo Bezerra da Silva<\/a><\/b><br \/>Possui gradua\u00e7\u00e3o em F\u00edsica pela Universidade do Estado do Rio Grande do Norte (2006), mestrado (2010) e doutorado (2013) em F\u00edsica pela Universidade Federal do Rio Grande do Norte. Tem experi\u00eancia na \u00e1rea de F\u00edsica, com \u00eanfase em Materiais Magn\u00e9ticos e Propriedades Magn\u00e9ticas, atuando principalmente nos seguintes temas: perovskitas, tamanho de gr\u00e3o, terras raras, difra\u00e7\u00e3o de raios &#8211; x e susceptibilidade<\/p>\t\t\t\t\t\t\t\t<\/div>\n\t\t\t\t<\/div>\n\t\t\t\t\t<\/div>\n\t\t<\/div>\n\t\t\t\t\t<\/div>\n\t\t<\/section>\n\t\t\t\t<\/div>\n\t\t","protected":false},"excerpt":{"rendered":"<p>Docentes Permanentes Ana L\u00facia DantasGradua\u00e7\u00e3o em F\u00edsica Bacharelado pela Universidade Federal do Rio Grande do Norte &#8211; UFRN (1992), mestrado em F\u00edsica pela UFRN (1995) e doutorado em F\u00edsica pela UFRN (1999). Em 2005, fez p\u00f3s-doutorado na Universidade do Colorado, nos EUA. Atualmente \u00e9 professora adjunto da Universidade do Estado do Rio Grande do Norte [&hellip;]<\/p>\n","protected":false},"author":3,"featured_media":0,"parent":0,"menu_order":0,"comment_status":"closed","ping_status":"closed","template":"","meta":{"footnotes":""},"class_list":["post-36","page","type-page","status-publish","hentry"],"_links":{"self":[{"href":"https:\/\/ppgf.uern.br\/index.php?rest_route=\/wp\/v2\/pages\/36","targetHints":{"allow":["GET"]}}],"collection":[{"href":"https:\/\/ppgf.uern.br\/index.php?rest_route=\/wp\/v2\/pages"}],"about":[{"href":"https:\/\/ppgf.uern.br\/index.php?rest_route=\/wp\/v2\/types\/page"}],"author":[{"embeddable":true,"href":"https:\/\/ppgf.uern.br\/index.php?rest_route=\/wp\/v2\/users\/3"}],"replies":[{"embeddable":true,"href":"https:\/\/ppgf.uern.br\/index.php?rest_route=%2Fwp%2Fv2%2Fcomments&post=36"}],"version-history":[{"count":30,"href":"https:\/\/ppgf.uern.br\/index.php?rest_route=\/wp\/v2\/pages\/36\/revisions"}],"predecessor-version":[{"id":5889,"href":"https:\/\/ppgf.uern.br\/index.php?rest_route=\/wp\/v2\/pages\/36\/revisions\/5889"}],"wp:attachment":[{"href":"https:\/\/ppgf.uern.br\/index.php?rest_route=%2Fwp%2Fv2%2Fmedia&parent=36"}],"curies":[{"name":"wp","href":"https:\/\/api.w.org\/{rel}","templated":true}]}}