{"id":2857,"date":"2021-02-08T22:00:22","date_gmt":"2021-02-08T22:00:22","guid":{"rendered":"http:\/\/ppgf.42web.io\/?page_id=2857"},"modified":"2025-05-20T11:11:55","modified_gmt":"2025-05-20T14:11:55","slug":"egressos","status":"publish","type":"page","link":"https:\/\/ppgf.uern.br\/?page_id=2857","title":{"rendered":"Egressos do mestrado"},"content":{"rendered":"\n<figure class=\"wp-block-table\"><table><tbody><tr><td><strong>#<\/strong><\/td><td><strong>Egresso<\/strong><\/td><td class=\"has-text-align-center\" data-align=\"center\"><strong>Conclus\u00e3o<\/strong><\/td><td><strong>Orientador<\/strong><\/td><\/tr><tr><td>94<\/td><td>HUGO VITOR FREITAS GUEDES<\/td><td class=\"has-text-align-center\" data-align=\"center\">2025<\/td><td>JO\u00c3O MARIA SOARES<\/td><\/tr><tr><td>93<\/td><td>JEO\u00c1S MATOS DA COSTA<\/td><td class=\"has-text-align-center\" data-align=\"center\">2025<\/td><td>JOS\u00c9 RONALDO P. DA SILVA<\/td><\/tr><tr><td>92<\/td><td>RIAN FERREIRA CAVALCANTE<\/td><td class=\"has-text-align-center\" data-align=\"center\">2025<\/td><td>ED\u00c9SIO MIGUEL B. J\u00daNIOR<\/td><\/tr><tr><td>91<\/td><td>MATEUS FELIPE ARAUJO MEDEIROS<\/td><td class=\"has-text-align-center\" data-align=\"center\">2024<\/td><td>F\u00c1BIO CABRAL CARVALHO<\/td><\/tr><tr><td>90<\/td><td><a href=\"http:\/\/lattes.cnpq.br\/2619538086862336\" target=\"_blank\" rel=\"noreferrer noopener\">CARLOS EDUARDO VIANA DE FREITAS<\/a><\/td><td class=\"has-text-align-center\" data-align=\"center\">2024<\/td><td>MARIA ALDIN\u00caZ DANTAS<\/td><\/tr><tr><td>89<\/td><td><a href=\"http:\/\/lattes.cnpq.br\/3150031221303910\" target=\"_blank\" rel=\"noreferrer noopener\">RONIEL FERNANDES BARBOSA<\/a><\/td><td class=\"has-text-align-center\" data-align=\"center\">2024<\/td><td>MARIA ALDIN\u00caZ DANTAS<\/td><\/tr><tr><td>88<\/td><td><a href=\"http:\/\/lattes.cnpq.br\/9720397776126646\" target=\"_blank\" rel=\"noreferrer noopener\">GUILHERME NASCIMENTO<\/a><\/td><td class=\"has-text-align-center\" data-align=\"center\">2024<\/td><td>RODOLFO BEZERRA DA SILVA<\/td><\/tr><tr><td>87<\/td><td><a href=\"http:\/\/lattes.cnpq.br\/7083667654275363\" target=\"_blank\" rel=\"noreferrer noopener\">WILLIANE SILVA SANTOS<\/a><\/td><td class=\"has-text-align-center\" data-align=\"center\">2024<\/td><td>IDALMIR DE SOUZA Q. J\u00daNIOR<\/td><\/tr><tr><td>86<\/td><td><a href=\"http:\/\/lattes.cnpq.br\/1837227345756383\" target=\"_blank\" rel=\"noreferrer noopener\">ADIVAN CARLOS DE OLIVEIRA SANTOS JUNIOR<\/a><\/td><td class=\"has-text-align-center\" data-align=\"center\">2023<\/td><td>BRAULIO BATISTA SOARES<\/td><\/tr><tr><td>85<\/td><td><a href=\"http:\/\/lattes.cnpq.br\/9660082811651212\" target=\"_blank\" rel=\"noreferrer noopener\">MIKAEL JAKSON SILVA GOMES<\/a><\/td><td class=\"has-text-align-center\" data-align=\"center\">2023<\/td><td>EDESIO MIGUEL B. JUNIOR<\/td><\/tr><tr><td>84<\/td><td><a href=\"http:\/\/lattes.cnpq.br\/3470272402587793\" target=\"_blank\" rel=\"noreferrer noopener\">ADLAN DA SILVA FREITAS<\/a><\/td><td class=\"has-text-align-center\" data-align=\"center\">2023<\/td><td>ARTUR DA SILVA CARRI\u00c7O<\/td><\/tr><tr><td>83<\/td><td><a href=\"http:\/\/lattes.cnpq.br\/9584184420187197\" target=\"_blank\" rel=\"noreferrer noopener\">ADRIEL DE OLIVEIRA AQUINO<\/a><\/td><td class=\"has-text-align-center\" data-align=\"center\">2023<\/td><td>F\u00c1BIO CABRAL CARVALHO<\/td><\/tr><tr><td>82<\/td><td><a href=\"http:\/\/lattes.cnpq.br\/5563062010619558\" target=\"_blank\" rel=\"noreferrer noopener\">WILLYAM THOMPSON SOARES DE FREITAS<\/a><\/td><td class=\"has-text-align-center\" data-align=\"center\">2023<\/td><td>THOMAS DUMELOW<\/td><\/tr><tr><td>81<\/td><td><a href=\"http:\/\/lattes.cnpq.br\/8999503751685331\" target=\"_blank\" rel=\"noreferrer noopener\">GABRIEL SOUZA BRILHANTE DE ARAUJO<\/a><\/td><td class=\"has-text-align-center\" data-align=\"center\">2023<\/td><td>THOMAS DUMELOW<\/td><\/tr><tr><td>80<\/td><td><a href=\"http:\/\/lattes.cnpq.br\/4567878768412445\" target=\"_blank\" rel=\"noreferrer noopener\">AGRIPINO SEGUNDO DE SOUSA NETO<\/a><\/td><td class=\"has-text-align-center\" data-align=\"center\">2022<\/td><td>MARIA ALDIN\u00caZ DANTAS<\/td><\/tr><tr><td>79<\/td><td><a href=\"http:\/\/lattes.cnpq.br\/5873191037117809\" target=\"_blank\" rel=\"noreferrer noopener\">ANDERSON ALVES GURGEL<\/a><\/td><td class=\"has-text-align-center\" data-align=\"center\">2022<\/td><td>VAMBERTO DIAS DE MELLO<\/td><\/tr><tr><td>78<\/td><td><a href=\"http:\/\/lattes.cnpq.br\/7927480918415658\">JOS\u00c9 DIEGO SILVA GOMES<\/a><\/td><td class=\"has-text-align-center\" data-align=\"center\">2022<\/td><td>JOS\u00c9 ALZAMIR P. DA COSTA<\/td><\/tr><tr><td>77<\/td><td><a href=\"http:\/\/lattes.cnpq.br\/7505378853875540\" target=\"_blank\" rel=\"noreferrer noopener\">VIT\u00d3RIA CHRIS SOUZA SILVA<\/a><\/td><td class=\"has-text-align-center\" data-align=\"center\">2022<\/td><td>THOMAS DUMELOW<\/td><\/tr><tr><td>76<\/td><td><a rel=\"noreferrer noopener\" href=\"http:\/\/lattes.cnpq.br\/9984366090415978\" target=\"_blank\">MATHEUS DA SILVA CAMARA<\/a><\/td><td class=\"has-text-align-center\" data-align=\"center\">2021<\/td><td>MARIA ALDINEZ DANTAS<\/td><\/tr><tr><td>75<\/td><td><a rel=\"noreferrer noopener\" href=\"http:\/\/lattes.cnpq.br\/0186364306383106\" target=\"_blank\">JOSE GLEISON OLIVEIRA SILVA<\/a><\/td><td class=\"has-text-align-center\" data-align=\"center\">2021<\/td><td>JO\u00c3O MARIA SOARES<\/td><\/tr><tr><td>74<\/td><td><a rel=\"noreferrer noopener\" href=\"https:\/\/ppgf.uern.br\/%20http:\/\/lattes.cnpq.br\/5450477589881331\" target=\"_blank\">LAZARO JOSE SOUSA DE OLIVEIRA<\/a><\/td><td class=\"has-text-align-center\" data-align=\"center\">2021<\/td><td>EDESIO MIGUEL B. JUNIOR<\/td><\/tr><tr><td>73<\/td><td><a rel=\"noreferrer noopener\" href=\"https:\/\/ppgf.uern.br\/%20http:\/\/lattes.cnpq.br\/7313168951343475\" target=\"_blank\">THAISA GRASIELLY DE MORAIS JALES<\/a><\/td><td class=\"has-text-align-center\" data-align=\"center\">2021<\/td><td>THOMAS DUMELOW<\/td><\/tr><tr><td>72<\/td><td><a rel=\"noreferrer noopener\" href=\"http:\/\/lattes.cnpq.br\/2652464075176199\" target=\"_blank\">VANDERSON CLEITON DE OLIVEIRA<\/a><\/td><td class=\"has-text-align-center\" data-align=\"center\">2020<\/td><td>MARIA ALDINEZ DANTAS<\/td><\/tr><tr><td>71<\/td><td><a rel=\"noreferrer noopener\" href=\"http:\/\/lattes.cnpq.br\/9086614232860207\" target=\"_blank\">CARLOS HENRIQUE NASCIMENTO CORDEIRO<\/a><\/td><td class=\"has-text-align-center\" data-align=\"center\">2020<\/td><td>JO\u00c3O MARIA SOARES<\/td><\/tr><tr><td>70<\/td><td><a rel=\"noreferrer noopener\" href=\"http:\/\/lattes.cnpq.br\/0385112916465731\" target=\"_blank\">JONATAS ARIZILANIO DA SILVA<\/a><\/td><td class=\"has-text-align-center\" data-align=\"center\">2020<\/td><td>FABIO CABRAL CARVALHO<\/td><\/tr><tr><td>69<\/td><td><a rel=\"noreferrer noopener\" href=\"http:\/\/lattes.cnpq.br\/2125953646467169\" target=\"_blank\">RAI FIGUEREDO JUCA<\/a><\/td><td class=\"has-text-align-center\" data-align=\"center\">2020<\/td><td>JO\u00c3O MARIA SOARES<\/td><\/tr><tr><td>68<\/td><td><a rel=\"noreferrer noopener\" href=\"http:\/\/lattes.cnpq.br\/5390603578521844\" target=\"_blank\">BRUNO WESLEY NOGUEIRA RIBEIRO<\/a><\/td><td class=\"has-text-align-center\" data-align=\"center\">2020<\/td><td>FABIO CABRAL CARVALHO<\/td><\/tr><tr><td>67<\/td><td><a rel=\"noreferrer noopener\" href=\"http:\/\/lattes.cnpq.br\/2304526037163077\" target=\"_blank\">WESLEY DE PAIVA ARAUJO<\/a><\/td><td class=\"has-text-align-center\" data-align=\"center\">2020<\/td><td>JO\u00c3O MARIA SOARES<\/td><\/tr><tr><td>66<\/td><td><a href=\"https:\/\/ppgf.uern.br\/%20http:\/\/lattes.cnpq.br\/5496249617911752\">FRANCISCA JAIANE DA SILVA GOMES<\/a><\/td><td class=\"has-text-align-center\" data-align=\"center\">2020<\/td><td>JOSE ALZAMIR P. DA COSTAZ<\/td><\/tr><tr><td>65<\/td><td><a href=\"http:\/\/lattes.cnpq.br\/5186724843446194\">MYLENA MAYLA DE SOUSA<\/a><\/td><td class=\"has-text-align-center\" data-align=\"center\">2020<\/td><td>JOSE ALZAMIR P. DA COSTAZ<\/td><\/tr><tr><td>64<\/td><td><a rel=\"noreferrer noopener\" href=\"http:\/\/lattes.cnpq.br\/3778599250651346\" target=\"_blank\">VANDEILMA BEZERRA DA SILVA<\/a><\/td><td class=\"has-text-align-center\" data-align=\"center\">2019<\/td><td>THOMAS DUMELOW<\/td><\/tr><tr><td>63<\/td><td><a rel=\"noreferrer noopener\" href=\"http:\/\/lattes.cnpq.br\/2044941155404979\" target=\"_blank\">JOAO BATISTA DA SILVA OLIVEIRA<\/a><\/td><td class=\"has-text-align-center\" data-align=\"center\">2019<\/td><td>NILSON SENA DE ALMEIDA<\/td><\/tr><tr><td>62<\/td><td><a href=\"http:\/\/lattes.cnpq.br\/3615696237892760\" data-type=\"URL\" data-id=\"https:\/\/ppgf.uern.br\/%20http:\/\/lattes.cnpq.br\/3615696237892760\" target=\"_blank\" rel=\"noreferrer noopener\">ROMULO AUGUSTO DE OLIVEIRA PINTO<\/a><\/td><td class=\"has-text-align-center\" data-align=\"center\">2019<\/td><td>JOSE ALZAMIR P. DA COSTA<\/td><\/tr><tr><td>61<\/td><td><a rel=\"noreferrer noopener\" href=\"http:\/\/lattes.cnpq.br\/2849572142739063\" target=\"_blank\">MAXSUEL MARCOS FERNANDES DE LIMA<\/a><\/td><td class=\"has-text-align-center\" data-align=\"center\">2019<\/td><td>JOS\u00c9 RONALDO P. DA SILVA<\/td><\/tr><tr><td>60<\/td><td><a rel=\"noreferrer noopener\" href=\"http:\/\/lattes.cnpq.br\/7727890574597438\" target=\"_blank\">L\u00c1ZARO LIMA DE SALES<\/a><\/td><td class=\"has-text-align-center\" data-align=\"center\">2019<\/td><td>FABIO CABRAL CARVALHO<\/td><\/tr><tr><td>59<\/td><td><a rel=\"noreferrer noopener\" href=\"http:\/\/lattes.cnpq.br\/5522675462007298\" target=\"_blank\">FRANCISCA ISIVANIA GOMES DE ALMEIDA<\/a><\/td><td class=\"has-text-align-center\" data-align=\"center\">2019<\/td><td>JOS\u00c9 RONALDO P. DA SILVA<\/td><\/tr><tr><td>58<\/td><td><a rel=\"noreferrer noopener\" href=\"http:\/\/lattes.cnpq.br\/8380510294599672\" target=\"_blank\">MARCOS SANTOS NUNES<\/a><\/td><td class=\"has-text-align-center\" data-align=\"center\">2019<\/td><td>ANA L\u00daCIA DANTAS<\/td><\/tr><tr><td>57<\/td><td><a rel=\"noreferrer noopener\" href=\"http:\/\/lattes.cnpq.br\/0005233551258636\" target=\"_blank\">JEFFERSON RODRIGO PEREIRA INACIO<\/a><\/td><td class=\"has-text-align-center\" data-align=\"center\">2018<\/td><td>JOS\u00c9 RONALDO P. DA SILVA<\/td><\/tr><tr><td>56<\/td><td><a rel=\"noreferrer noopener\" href=\"http:\/\/lattes.cnpq.br\/0005233551258636\" target=\"_blank\">JO\u00c3O PAULO GOMES DO NASCIMENTO&nbsp;<\/a><\/td><td class=\"has-text-align-center\" data-align=\"center\">2018<\/td><td>FABIO CABRAL CARVALHO<\/td><\/tr><tr><td>55<\/td><td><a rel=\"noreferrer noopener\" href=\"http:\/\/lattes.cnpq.br\/8500838676743812\" target=\"_blank\">JO\u00c3O BARBOSA NETO<\/a>&nbsp;<\/td><td class=\"has-text-align-center\" data-align=\"center\">2018<\/td><td>JO\u00c3O MARIA SOARES<\/td><\/tr><tr><td>54<\/td><td><a rel=\"noreferrer noopener\" href=\"http:\/\/lattes.cnpq.br\/7984288684578080\" target=\"_blank\">JOS\u00c9 JAYSON XAVIER DE SOUSA<\/a>&nbsp;<\/td><td class=\"has-text-align-center\" data-align=\"center\">2018<\/td><td>JO\u00c3O MARIA SOARES<\/td><\/tr><tr><td>53<\/td><td><a rel=\"noreferrer noopener\" href=\"http:\/\/lattes.cnpq.br\/2200642160158102\" target=\"_blank\">FRANCISCO WELLINGTON SILVA DE AMORIM&nbsp;<\/a><\/td><td class=\"has-text-align-center\" data-align=\"center\">2018<\/td><td>NILSON SENA DE ALMEIDA<\/td><\/tr><tr><td>52<\/td><td><a rel=\"noreferrer noopener\" href=\"http:\/\/lattes.cnpq.br\/1553210529805480\" target=\"_blank\">MOIS\u00c9S PEREIRA DA SILVA<\/a><\/td><td class=\"has-text-align-center\" data-align=\"center\">2017<\/td><td>BRAULIO BATISTA SOARES<\/td><\/tr><tr><td>51<\/td><td><a href=\"http:\/\/lattes.cnpq.br\/7763929030046585\" target=\"_blank\" rel=\"noreferrer noopener\">MARCOS VIN\u00cdCIUS DE MENDON\u00c7A FERREIRA<\/a><\/td><td class=\"has-text-align-center\" data-align=\"center\">2017<\/td><td>IDALMIR DE SOUZA Q. JUNIOR<\/td><\/tr><tr><td>50<\/td><td><a rel=\"noreferrer noopener\" href=\"http:\/\/lattes.cnpq.br\/6102170955077460\" target=\"_blank\">FRANCISCO GOMES DE QUEIROZ<\/a><\/td><td class=\"has-text-align-center\" data-align=\"center\">2017<\/td><td>VAMBERTO DIAS DE MELLO<\/td><\/tr><tr><td>49<\/td><td><a rel=\"noreferrer noopener\" href=\"https:\/\/ppgf.uern.br\/%20http:\/\/lattes.cnpq.br\/2253567287675375\" target=\"_blank\">JOS\u00c9 NACIZO HOLANDA LUCIANO JUNIOR<\/a><\/td><td class=\"has-text-align-center\" data-align=\"center\">2017<\/td><td>JOS\u00c9 RONALDO P. DA SILVA<\/td><\/tr><tr><td>48<\/td><td><a rel=\"noreferrer noopener\" href=\"http:\/\/lattes.cnpq.br\/9640604659863372\" target=\"_blank\">MARCONE OLIVEIRA DA COSTA<\/a><\/td><td class=\"has-text-align-center\" data-align=\"center\">2016<\/td><td>RAIMUNDO SILVA J\u00daNIOR<\/td><\/tr><tr><td>47<\/td><td><a rel=\"noreferrer noopener\" href=\"http:\/\/lattes.cnpq.br\/3383750662005158\" target=\"_blank\">DANIEL CARNEIRO NOBRE<\/a><\/td><td class=\"has-text-align-center\" data-align=\"center\">2016<\/td><td>JOS\u00c9 ALZAMIR P. DA COSTA<\/td><\/tr><tr><td>46<\/td><td><a rel=\"noreferrer noopener\" href=\"http:\/\/lattes.cnpq.br\/2115690258530395\" target=\"_blank\">ISAAC MENDON\u00c7A MAC\u00caDO<\/a><\/td><td class=\"has-text-align-center\" data-align=\"center\">2016<\/td><td>FABIO CABRAL CARVALHO<\/td><\/tr><tr><td>45<\/td><td><a rel=\"noreferrer noopener\" href=\"https:\/\/ppgf.uern.br\/%20http:\/\/lattes.cnpq.br\/4649426417577248\" target=\"_blank\">MEIRIELLE MARQUES DE G\u00d3IS<\/a><\/td><td class=\"has-text-align-center\" data-align=\"center\">2016<\/td><td>JO\u00c3O MARIA SOARES<\/td><\/tr><tr><td>44<\/td><td><a rel=\"noreferrer noopener\" href=\"http:\/\/lattes.cnpq.br\/7888042419584749\" target=\"_blank\">CORN\u00c9LIO RODRIGUES FILHO<\/a><\/td><td class=\"has-text-align-center\" data-align=\"center\">2016<\/td><td>ED\u00c9SIO MIGUEL B. J\u00daNIOR<\/td><\/tr><tr><td>43<\/td><td><a rel=\"noreferrer noopener\" href=\"http:\/\/lattes.cnpq.br\/9478104828866128\" target=\"_blank\">HISSA MARIA L\u00daCIO MEDEIROS<\/a><\/td><td class=\"has-text-align-center\" data-align=\"center\">2016<\/td><td>JOS\u00c9 RONALDO P. DA SILVA<\/td><\/tr><tr><td>42<\/td><td><a rel=\"noreferrer noopener\" href=\"http:\/\/lattes.cnpq.br\/3867536591089752\" target=\"_blank\">ANT\u00d4NIA VERUSKA BENEVIDES PINHEIRO<\/a><\/td><td class=\"has-text-align-center\" data-align=\"center\">2015<\/td><td>JO\u00c3O MARIA SOARES<\/td><\/tr><tr><td>41<\/td><td><a rel=\"noreferrer noopener\" href=\"http:\/\/lattes.cnpq.br\/9806904961110077\" target=\"_blank\">VANESSA AMARAL DE FRAN\u00c7A<\/a><\/td><td class=\"has-text-align-center\" data-align=\"center\">2015<\/td><td>BRAULIO BATISTA SOARES<\/td><\/tr><tr><td>40<\/td><td><a rel=\"noreferrer noopener\" href=\"http:\/\/lattes.cnpq.br\/1052512051564436\" target=\"_blank\">LEANDRO F\u00c1BIO REGES SOUSA<\/a><\/td><td class=\"has-text-align-center\" data-align=\"center\">2015<\/td><td>JOS\u00c9 RONALDO P. DA SILVA<\/td><\/tr><tr><td>39<\/td><td><a rel=\"noreferrer noopener\" href=\"http:\/\/lattes.cnpq.br\/9239884901102642\" target=\"_blank\">ANA CAROLINA MATTIUCI<\/a><\/td><td class=\"has-text-align-center\" data-align=\"center\">2015<\/td><td>JOS\u00c9 RONALDO P. DA SILVA<\/td><\/tr><tr><td>38<\/td><td><a rel=\"noreferrer noopener\" href=\"http:\/\/lattes.cnpq.br\/3374799165028785\" target=\"_blank\">CINTIA RAQUEL DUARTE DE FREITAS<\/a><\/td><td class=\"has-text-align-center\" data-align=\"center\">2015<\/td><td>JO\u00c3O MARIA SOARES<\/td><\/tr><tr><td>37<\/td><td><a rel=\"noreferrer noopener\" href=\"https:\/\/ppgf.uern.br\/%20http:\/\/lattes.cnpq.br\/5661239563323695\" target=\"_blank\">LESSANDRO JORGE DE LIMA<\/a><\/td><td class=\"has-text-align-center\" data-align=\"center\">2015<\/td><td>JO\u00c3O MARIA SOARES<\/td><\/tr><tr><td>36<\/td><td><a rel=\"noreferrer noopener\" href=\"http:\/\/lattes.cnpq.br\/9904296611009154\" target=\"_blank\">DIEGO ALVES DE BARROS<\/a><\/td><td class=\"has-text-align-center\" data-align=\"center\">2015<\/td><td>THOMAS DUMELOW<\/td><\/tr><tr><td>35<\/td><td><a rel=\"noreferrer noopener\" href=\"https:\/\/ppgf.uern.br\/%20http:\/\/lattes.cnpq.br\/5617208988599984\" target=\"_blank\">HILLYSSON BRUNO SAMPAIO DOS SANTOS<\/a><\/td><td class=\"has-text-align-center\" data-align=\"center\">2015<\/td><td>JOS\u00c9 RONALDO P. DA SILVA<\/td><\/tr><tr><td>34<\/td><td><a href=\"https:\/\/www.escavador.com\/sobre\/6409541\/claudivan-moreira-de-souza\">CLAUDIVAM MOREIRA DE SOUZA<\/a><\/td><td class=\"has-text-align-center\" data-align=\"center\">2015<\/td><td>ANA L\u00daCIA DANTAS<\/td><\/tr><tr><td>33<\/td><td><a rel=\"noreferrer noopener\" href=\"http:\/\/lattes.cnpq.br\/8713866353003098\" target=\"_blank\">DIEGO RODRIGUES PEREIRA<\/a><\/td><td class=\"has-text-align-center\" data-align=\"center\">2015<\/td><td>NILSON SENA DE ALMEIDA<\/td><\/tr><tr><td>32<\/td><td><a rel=\"noreferrer noopener\" href=\"http:\/\/lattes.cnpq.br\/8815795758209293\" target=\"_blank\">\u00cdTALO PHILIPE SOARES PEREIRA<\/a><\/td><td class=\"has-text-align-center\" data-align=\"center\">2015<\/td><td>VAMBERTO DIAS DE MELLO<\/td><\/tr><tr><td>31<\/td><td><a rel=\"noreferrer noopener\" href=\"http:\/\/lattes.cnpq.br\/1091183211387395\" target=\"_blank\">S\u00c9RGIO MURILO DA SILVA BRAGA MARTINS J\u00daNIOR<\/a><\/td><td class=\"has-text-align-center\" data-align=\"center\">2015<\/td><td>IDALMIR DE SOUZA Q. J\u00daNIOR<\/td><\/tr><tr><td>30<\/td><td><a rel=\"noreferrer noopener\" href=\"http:\/\/lattes.cnpq.br\/1685864881990377\" target=\"_blank\">RICARDO LU\u00cdS LIMA VIT\u00d3RIA<\/a><\/td><td class=\"has-text-align-center\" data-align=\"center\">2015<\/td><td>MARIA ALDINEZ DANTAS<\/td><\/tr><tr><td>29<\/td><td><a rel=\"noreferrer noopener\" href=\"http:\/\/lattes.cnpq.br\/5046276361205560\" target=\"_blank\">VALBER DA SILVA GOMES<\/a><\/td><td class=\"has-text-align-center\" data-align=\"center\">2014<\/td><td>JOS\u00c9 ALZAMIR P. DA COSTA<\/td><\/tr><tr><td>28<\/td><td><a rel=\"noreferrer noopener\" href=\"http:\/\/lattes.cnpq.br\/5715010077004597\" target=\"_blank\">FRANCISCA JUCILEUDA DA SILVA SOUSA<\/a><\/td><td class=\"has-text-align-center\" data-align=\"center\">2014<\/td><td>JO\u00c3O MARIA SOARES<\/td><\/tr><tr><td>27<\/td><td><a rel=\"noreferrer noopener\" href=\"http:\/\/lattes.cnpq.br\/6213645820313462\" target=\"_blank\">DAYVID DE SOUSA MIRANDA<\/a><\/td><td class=\"has-text-align-center\" data-align=\"center\">2014<\/td><td>BRAULIO BATISTA SOARES<\/td><\/tr><tr><td>26<\/td><td><a rel=\"noreferrer noopener\" href=\"http:\/\/lattes.cnpq.br\/5269036828220579\" target=\"_blank\">RAFAEL DA COSTA NUNES<\/a><\/td><td class=\"has-text-align-center\" data-align=\"center\">2014<\/td><td>ED\u00c9SIO MIGUEL B. J\u00daNIOR<\/td><\/tr><tr><td>25<\/td><td><a rel=\"noreferrer noopener\" href=\"http:\/\/lattes.cnpq.br\/4319142192009140\" target=\"_blank\">MARCELO NOBRE DOS SANTOS BESERRA<\/a><\/td><td class=\"has-text-align-center\" data-align=\"center\">2014<\/td><td>FABIO CABRAL CARVALHO<\/td><\/tr><tr><td>24<\/td><td><a rel=\"noreferrer noopener\" href=\"http:\/\/lattes.cnpq.br\/9673558969500756\" target=\"_blank\">FRANCISCO ADRIANO DE LIMA SANTIAGO<\/a><\/td><td class=\"has-text-align-center\" data-align=\"center\">2013<\/td><td>VAMBERTO DIAS DE MELLO<\/td><\/tr><tr><td>23<\/td><td><a rel=\"noreferrer noopener\" href=\"http:\/\/lattes.cnpq.br\/4055785702591725\" target=\"_blank\">\u00cdTALO FALC\u00c3O DE BRITO FERREIRA&nbsp;<\/a><\/td><td class=\"has-text-align-center\" data-align=\"center\">2013<\/td><td>MARC\u00cdLIO NUNES FREIRE<\/td><\/tr><tr><td>22<\/td><td><a rel=\"noreferrer noopener\" href=\"http:\/\/lattes.cnpq.br\/6943424022220778\" target=\"_blank\">OZIVAM&nbsp;LOPES AQUINO DA CONCEI\u00c7\u00c3O<\/a><\/td><td class=\"has-text-align-center\" data-align=\"center\">2013<\/td><td>JO\u00c3O MARIA SOARES<\/td><\/tr><tr><td>21<\/td><td><a rel=\"noreferrer noopener\" href=\"http:\/\/lattes.cnpq.br\/1388531008519499\" target=\"_blank\">MACKSON MATHEUS FRAN\u00c7A NEPOMUCENO<\/a><\/td><td class=\"has-text-align-center\" data-align=\"center\">2013<\/td><td>JOS\u00c9 RONALDO P. DA SILVA<\/td><\/tr><tr><td>20<\/td><td><a href=\"http:\/\/lattes.cnpq.br\/2241068259759871\">SILAS SARMENTO PEDROSA<\/a><\/td><td class=\"has-text-align-center\" data-align=\"center\">2013<\/td><td>ANA L\u00daCIA DANTAS<\/td><\/tr><tr><td>19<\/td><td><a rel=\"noreferrer noopener\" href=\"http:\/\/lattes.cnpq.br\/3586024908561131\" target=\"_blank\">RAPHAEL MARTINS PAIVA<\/a><\/td><td class=\"has-text-align-center\" data-align=\"center\">2013<\/td><td>JOS\u00c9 ALZAMIR P. DA COSTA<\/td><\/tr><tr><td>18<\/td><td><a rel=\"noreferrer noopener\" href=\"https:\/\/ppgf.uern.br\/%20http:\/\/lattes.cnpq.br\/3636877664696357\" target=\"_blank\">RENATO ESTEV\u00c2M DA SILVA<\/a><\/td><td class=\"has-text-align-center\" data-align=\"center\">2013<\/td><td>THOMAS DUMELOW<\/td><\/tr><tr><td>17<\/td><td><a rel=\"noreferrer noopener\" href=\"http:\/\/lattes.cnpq.br\/4429799795248344\" target=\"_blank\">KLEBER DANTAS GIR\u00c3O<\/a><\/td><td class=\"has-text-align-center\" data-align=\"center\">2012<\/td><td>MARC\u00cdLIO NUNES FREIRE<\/td><\/tr><tr><td>16<\/td><td><a rel=\"noreferrer noopener\" href=\"http:\/\/lattes.cnpq.br\/1407814108715416\" target=\"_blank\">RUBENS MACIEL MIRANDA PINHEIRO<\/a><\/td><td class=\"has-text-align-center\" data-align=\"center\">2012<\/td><td>JOS\u00c9 ALZAMIR P. DA COSTA<\/td><\/tr><tr><td>15<\/td><td><a rel=\"noreferrer noopener\" href=\"http:\/\/lattes.cnpq.br\/8315813409261454\" target=\"_blank\">MAGNO DE SOUZA COSTA<\/a><\/td><td class=\"has-text-align-center\" data-align=\"center\">2012<\/td><td>IDALMIR DE SOUZA Q. J\u00daNIOR<\/td><\/tr><tr><td>14<\/td><td><a rel=\"noreferrer noopener\" href=\"https:\/\/ppgf.uern.br\/%20http:\/\/lattes.cnpq.br\/6760515198986250\" target=\"_blank\">ANA K\u00c1TIA GURGEL<\/a><\/td><td class=\"has-text-align-center\" data-align=\"center\">2012<\/td><td>THOMAS DUMELOW<\/td><\/tr><tr><td>13<\/td><td><a rel=\"noreferrer noopener\" href=\"http:\/\/lattes.cnpq.br\/4155460451627060\" target=\"_blank\">LEONARDO LINHARES OLIVEIRA<\/a><\/td><td class=\"has-text-align-center\" data-align=\"center\">2012<\/td><td>ANA L\u00daCIA DANTAS<\/td><\/tr><tr><td>12<\/td><td><a rel=\"noreferrer noopener\" href=\"https:\/\/ppgf.uern.br\/%20http:\/\/lattes.cnpq.br\/5316480085091330\" target=\"_blank\">FRANCISCO HOLANDA SOARES J\u00daNIOR<\/a><\/td><td class=\"has-text-align-center\" data-align=\"center\">2012<\/td><td>JO\u00c3O MARIA SOARES<\/td><\/tr><tr><td>11<\/td><td><a rel=\"noreferrer noopener\" href=\"http:\/\/lattes.cnpq.br\/8511829389042282\" target=\"_blank\">VLADSON BESERRA GALDINO<\/a><\/td><td class=\"has-text-align-center\" data-align=\"center\">2011<\/td><td>JO\u00c3O MARIA SOARES<\/td><\/tr><tr><td>10<\/td><td><a rel=\"noreferrer noopener\" href=\"http:\/\/lattes.cnpq.br\/9340867314992029\" target=\"_blank\">FRANCISCO DE ASSIS SOUSA&nbsp;<\/a><\/td><td class=\"has-text-align-center\" data-align=\"center\">2011<\/td><td>FRANCISCO ODOLBERTO DE ARA\u00daJO<\/td><\/tr><tr><td>9<\/td><td><a rel=\"noreferrer noopener\" href=\"http:\/\/lattes.cnpq.br\/8212268649363873\" target=\"_blank\">ANT\u00d4NIO DGERSON PEREIRA DA COSTA<\/a>&nbsp;<\/td><td class=\"has-text-align-center\" data-align=\"center\">2011<\/td><td>JOS\u00c9 RONALDO P. DA SILVA<\/td><\/tr><tr><td>8<\/td><td><a rel=\"noreferrer noopener\" href=\"https:\/\/ppgf.uern.br\/%20http:\/\/lattes.cnpq.br\/5304204284224345\" target=\"_blank\">ELOISE CRISTINA DE SOUZA RODRIGUES<\/a><\/td><td class=\"has-text-align-center\" data-align=\"center\">2011<\/td><td>MARCO ANTONIO MORALES<\/td><\/tr><tr><td>7<\/td><td><a rel=\"noreferrer noopener\" href=\"http:\/\/lattes.cnpq.br\/5685863781114652\" target=\"_blank\">ADAN SADY DE MEDEIROS<\/a><\/td><td class=\"has-text-align-center\" data-align=\"center\">2011<\/td><td>ANA L\u00daCIA DANTAS<\/td><\/tr><tr><td>6<\/td><td><a rel=\"noreferrer noopener\" href=\"http:\/\/lattes.cnpq.br\/1575538381878612\" target=\"_blank\">FRANCISCO C\u00c9SAR DE MEDEIROS FILHO&nbsp;<\/a><\/td><td class=\"has-text-align-center\" data-align=\"center\">2011<\/td><td>VAMBERTO DIAS DE MELLO<\/td><\/tr><tr><td>5<\/td><td><a rel=\"noreferrer noopener\" href=\"http:\/\/lattes.cnpq.br\/8760802701629501\" target=\"_blank\">LINDON JOHNSON FREITAS RODRIGUES&nbsp;<\/a><\/td><td class=\"has-text-align-center\" data-align=\"center\">2010<\/td><td>VAMBERTO DIAS DE MELLO<\/td><\/tr><tr><td>4<\/td><td><a rel=\"noreferrer noopener\" href=\"http:\/\/lattes.cnpq.br\/5539371258675640\" target=\"_blank\">ANA L\u00daCIA GURGEL<\/a><\/td><td class=\"has-text-align-center\" data-align=\"center\">2010<\/td><td>JO\u00c3O MARIA SOARES<\/td><\/tr><tr><td>3<\/td><td><a rel=\"noreferrer noopener\" href=\"http:\/\/lattes.cnpq.br\/7758706897891286\" target=\"_blank\">DAYANE DE SOUSA CHAVES<\/a><\/td><td class=\"has-text-align-center\" data-align=\"center\">2010<\/td><td>JO\u00c3O MARIA SOARES<\/td><\/tr><tr><td>2<\/td><td><a rel=\"noreferrer noopener\" href=\"http:\/\/lattes.cnpq.br\/8992339760536008\" target=\"_blank\">FRANCISCO IRANILDO FERREIRA DO NASCIMENTO<\/a><\/td><td class=\"has-text-align-center\" data-align=\"center\">2010<\/td><td>ANA L\u00daCIA DANTAS<\/td><\/tr><tr><td>1<\/td><td><a rel=\"noreferrer noopener\" href=\"http:\/\/lattes.cnpq.br\/5896164583591059\" target=\"_blank\">R\u00cdZIA RODRIGUES DA SILVA<\/a><\/td><td class=\"has-text-align-center\" data-align=\"center\">2010<\/td><td>THOMAS DUMELOW<\/td><\/tr><\/tbody><\/table><\/figure>\n","protected":false},"excerpt":{"rendered":"<p># Egresso Conclus\u00e3o Orientador 94 HUGO VITOR FREITAS GUEDES 2025 JO\u00c3O MARIA SOARES 93 JEO\u00c1S MATOS DA COSTA 2025 JOS\u00c9 RONALDO P. DA SILVA 92 RIAN FERREIRA CAVALCANTE 2025 ED\u00c9SIO MIGUEL B. J\u00daNIOR 91 MATEUS FELIPE ARAUJO MEDEIROS 2024 F\u00c1BIO CABRAL CARVALHO 90 CARLOS EDUARDO VIANA DE FREITAS 2024 MARIA ALDIN\u00caZ DANTAS 89 RONIEL FERNANDES [&hellip;]<\/p>\n","protected":false},"author":3,"featured_media":0,"parent":0,"menu_order":0,"comment_status":"closed","ping_status":"closed","template":"","meta":{"footnotes":""},"class_list":["post-2857","page","type-page","status-publish","hentry"],"_links":{"self":[{"href":"https:\/\/ppgf.uern.br\/index.php?rest_route=\/wp\/v2\/pages\/2857","targetHints":{"allow":["GET"]}}],"collection":[{"href":"https:\/\/ppgf.uern.br\/index.php?rest_route=\/wp\/v2\/pages"}],"about":[{"href":"https:\/\/ppgf.uern.br\/index.php?rest_route=\/wp\/v2\/types\/page"}],"author":[{"embeddable":true,"href":"https:\/\/ppgf.uern.br\/index.php?rest_route=\/wp\/v2\/users\/3"}],"replies":[{"embeddable":true,"href":"https:\/\/ppgf.uern.br\/index.php?rest_route=%2Fwp%2Fv2%2Fcomments&post=2857"}],"version-history":[{"count":48,"href":"https:\/\/ppgf.uern.br\/index.php?rest_route=\/wp\/v2\/pages\/2857\/revisions"}],"predecessor-version":[{"id":5170,"href":"https:\/\/ppgf.uern.br\/index.php?rest_route=\/wp\/v2\/pages\/2857\/revisions\/5170"}],"wp:attachment":[{"href":"https:\/\/ppgf.uern.br\/index.php?rest_route=%2Fwp%2Fv2%2Fmedia&parent=2857"}],"curies":[{"name":"wp","href":"https:\/\/api.w.org\/{rel}","templated":true}]}}