{"id":2849,"date":"2021-02-08T21:57:54","date_gmt":"2021-02-09T00:57:54","guid":{"rendered":"http:\/\/ppgf.42web.io\/?page_id=2849"},"modified":"2023-04-10T17:12:04","modified_gmt":"2023-04-10T20:12:04","slug":"alunosespeciais","status":"publish","type":"page","link":"https:\/\/ppgf.uern.br\/?page_id=2849","title":{"rendered":"Alunos Especiais"},"content":{"rendered":"\t\t<div data-elementor-type=\"wp-page\" data-elementor-id=\"2849\" class=\"elementor elementor-2849\" data-elementor-post-type=\"page\">\n\t\t\t\t\t\t<section class=\"elementor-section elementor-top-section elementor-element elementor-element-63fbd8d elementor-section-boxed elementor-section-height-default elementor-section-height-default\" data-id=\"63fbd8d\" data-element_type=\"section\">\n\t\t\t\t\t\t<div class=\"elementor-container elementor-column-gap-default\">\n\t\t\t\t\t<div class=\"elementor-column elementor-col-100 elementor-top-column elementor-element elementor-element-bef091f\" data-id=\"bef091f\" data-element_type=\"column\">\n\t\t\t<div class=\"elementor-widget-wrap elementor-element-populated\">\n\t\t\t\t\t\t<div class=\"elementor-element elementor-element-3f84b3c elementor-widget elementor-widget-text-editor\" data-id=\"3f84b3c\" data-element_type=\"widget\" data-widget_type=\"text-editor.default\">\n\t\t\t\t<div class=\"elementor-widget-container\">\n\t\t\t\t\t\t\t\t\t<p>O PPGF n\u00e3o sabre sele\u00e7\u00e3o para aluno especial. Se voc\u00ea deseja cursar disciplinas oferecidas pelo programa, envie o requerimento abaixo preenchido, por e-mail, ou entregue na secretaria do PPGF durante o per\u00edodo de matr\u00edculas (ver <a href=\"https:\/\/ppgf.uern.br\/?page_id=2910\" target=\"_blank\" rel=\"noopener\">calend\u00e1rio<\/a>). O envio do requerimento n\u00e3o garante sua matr\u00edcula, devendo a mesma ser aprovada pelo PPGF.<\/p><p><a href=\"https:\/\/ppgf.uern.br\/files\/Requeirmento%20como%20novo%20logo\/Requerimento_Para_Ingresso_Como_Aluno_Especial.pdf\">Requerimento Para Matr\u00edcula em Disciplina Como Aluno Especial<\/a><\/p>\t\t\t\t\t\t\t\t<\/div>\n\t\t\t\t<\/div>\n\t\t\t\t\t<\/div>\n\t\t<\/div>\n\t\t\t\t\t<\/div>\n\t\t<\/section>\n\t\t\t\t<\/div>\n\t\t","protected":false},"excerpt":{"rendered":"<p>O PPGF n\u00e3o sabre sele\u00e7\u00e3o para aluno especial. Se voc\u00ea deseja cursar disciplinas oferecidas pelo programa, envie o requerimento abaixo preenchido, por e-mail, ou entregue na secretaria do PPGF durante o per\u00edodo de matr\u00edculas (ver calend\u00e1rio). O envio do requerimento n\u00e3o garante sua matr\u00edcula, devendo a mesma ser aprovada pelo PPGF. Requerimento Para Matr\u00edcula em [&hellip;]<\/p>\n","protected":false},"author":3,"featured_media":0,"parent":128,"menu_order":0,"comment_status":"closed","ping_status":"closed","template":"","meta":{"footnotes":""},"class_list":["post-2849","page","type-page","status-publish","hentry"],"_links":{"self":[{"href":"https:\/\/ppgf.uern.br\/index.php?rest_route=\/wp\/v2\/pages\/2849","targetHints":{"allow":["GET"]}}],"collection":[{"href":"https:\/\/ppgf.uern.br\/index.php?rest_route=\/wp\/v2\/pages"}],"about":[{"href":"https:\/\/ppgf.uern.br\/index.php?rest_route=\/wp\/v2\/types\/page"}],"author":[{"embeddable":true,"href":"https:\/\/ppgf.uern.br\/index.php?rest_route=\/wp\/v2\/users\/3"}],"replies":[{"embeddable":true,"href":"https:\/\/ppgf.uern.br\/index.php?rest_route=%2Fwp%2Fv2%2Fcomments&post=2849"}],"version-history":[{"count":10,"href":"https:\/\/ppgf.uern.br\/index.php?rest_route=\/wp\/v2\/pages\/2849\/revisions"}],"predecessor-version":[{"id":4497,"href":"https:\/\/ppgf.uern.br\/index.php?rest_route=\/wp\/v2\/pages\/2849\/revisions\/4497"}],"up":[{"embeddable":true,"href":"https:\/\/ppgf.uern.br\/index.php?rest_route=\/wp\/v2\/pages\/128"}],"wp:attachment":[{"href":"https:\/\/ppgf.uern.br\/index.php?rest_route=%2Fwp%2Fv2%2Fmedia&parent=2849"}],"curies":[{"name":"wp","href":"https:\/\/api.w.org\/{rel}","templated":true}]}}