{"id":2602,"date":"2021-01-26T23:05:51","date_gmt":"2021-01-26T23:05:51","guid":{"rendered":"http:\/\/ppgf.42web.io\/?page_id=2602"},"modified":"2021-06-07T11:38:41","modified_gmt":"2021-06-07T14:38:41","slug":"minicursos","status":"publish","type":"page","link":"https:\/\/ppgf.uern.br\/?page_id=2602","title":{"rendered":"Minicursos"},"content":{"rendered":"\t\t<div data-elementor-type=\"wp-page\" data-elementor-id=\"2602\" class=\"elementor elementor-2602\" data-elementor-post-type=\"page\">\n\t\t\t\t\t\t<section class=\"elementor-section elementor-top-section elementor-element elementor-element-46a0ad6 elementor-section-boxed elementor-section-height-default elementor-section-height-default\" data-id=\"46a0ad6\" data-element_type=\"section\">\n\t\t\t\t\t\t<div class=\"elementor-container elementor-column-gap-default\">\n\t\t\t\t\t<div class=\"elementor-column elementor-col-100 elementor-top-column elementor-element elementor-element-9e5cc0f\" data-id=\"9e5cc0f\" data-element_type=\"column\">\n\t\t\t<div class=\"elementor-widget-wrap elementor-element-populated\">\n\t\t\t\t\t\t<div class=\"elementor-element elementor-element-82b8e4b elementor-widget elementor-widget-image\" data-id=\"82b8e4b\" data-element_type=\"widget\" data-widget_type=\"image.default\">\n\t\t\t\t<div class=\"elementor-widget-container\">\n\t\t\t\t\t\t\t\t\t\t\t\t\t\t\t<img fetchpriority=\"high\" decoding=\"async\" width=\"1024\" height=\"478\" src=\"https:\/\/ppgf.uern.br\/wp-content\/uploads\/2021\/06\/minicurso_ppgf.png\" class=\"attachment-large size-large wp-image-3491\" alt=\"\" \/>\t\t\t\t\t\t\t\t\t\t\t\t\t\t\t<\/div>\n\t\t\t\t<\/div>\n\t\t\t\t\t<\/div>\n\t\t<\/div>\n\t\t\t\t\t<\/div>\n\t\t<\/section>\n\t\t\t\t<section class=\"elementor-section elementor-top-section elementor-element elementor-element-4bcf385 elementor-section-boxed elementor-section-height-default elementor-section-height-default\" data-id=\"4bcf385\" data-element_type=\"section\">\n\t\t\t\t\t\t<div class=\"elementor-container elementor-column-gap-default\">\n\t\t\t\t\t<div class=\"elementor-column elementor-col-100 elementor-top-column elementor-element elementor-element-e08ca77\" data-id=\"e08ca77\" data-element_type=\"column\">\n\t\t\t<div class=\"elementor-widget-wrap elementor-element-populated\">\n\t\t\t\t\t\t<div class=\"elementor-element elementor-element-abe2f40 elementor-widget elementor-widget-toggle\" data-id=\"abe2f40\" data-element_type=\"widget\" data-widget_type=\"toggle.default\">\n\t\t\t\t<div class=\"elementor-widget-container\">\n\t\t\t\t\t\t\t<div class=\"elementor-toggle\">\n\t\t\t\t\t\t\t<div class=\"elementor-toggle-item\">\n\t\t\t\t\t<div id=\"elementor-tab-title-1801\" class=\"elementor-tab-title\" data-tab=\"1\" role=\"button\" aria-controls=\"elementor-tab-content-1801\" aria-expanded=\"false\">\n\t\t\t\t\t\t\t\t\t\t\t\t<span class=\"elementor-toggle-icon elementor-toggle-icon-left\" aria-hidden=\"true\">\n\t\t\t\t\t\t\t\t\t\t\t\t\t\t\t<span class=\"elementor-toggle-icon-closed\"><i class=\"fas fa-caret-right\"><\/i><\/span>\n\t\t\t\t\t\t\t\t<span class=\"elementor-toggle-icon-opened\"><i class=\"elementor-toggle-icon-opened fas fa-caret-up\"><\/i><\/span>\n\t\t\t\t\t\t\t\t\t\t\t\t\t<\/span>\n\t\t\t\t\t\t\t\t\t\t\t\t<a class=\"elementor-toggle-title\" tabindex=\"0\"> Mulheres da ci\u00eancia: uma abordagem hist\u00f3rico-social<\/a>\n\t\t\t\t\t<\/div>\n\n\t\t\t\t\t<div id=\"elementor-tab-content-1801\" class=\"elementor-tab-content elementor-clearfix\" data-tab=\"1\" role=\"region\" aria-labelledby=\"elementor-tab-title-1801\"><p><b>T\u00edtulo:&nbsp;<\/b><a href=\"https:\/\/ppgf.uern.br\/files\/MINICURSOS\/Mulheres%20da%20cieencias%20uma%20abordagem%20histoorico%20social\/MINICURSO_ELIANGELA(1).pdf\" target=\"_blank\">Mulheres da ci\u00eancia: uma abordagem hist\u00f3rico-social<\/a><br><b>Palestrante: <\/b>Dra. Eli\u00e2ngela Paulino Bento de Souza<br><b>Institui\u00e7\u00e3o: <\/b>Departamento de F\u00edsica &#8211; UERN<br><b>Per\u00edodo de inscri\u00e7\u00f5es:<\/b> 11 a 18 de abril de 2019<br><b>Inscri\u00e7\u00f5es:&nbsp;<\/b><a href=\"https:\/\/docs.google.com\/forms\/d\/e\/1FAIpQLSd4uch7qTZu0-de0Owvl0Kz3WqWCzka4dnmya8ZzamxNIyu5g\/viewform\" target=\"_blank\">Aqui<\/a><br><b>Per\u00edodo de realiza\u00e7\u00e3o: <\/b>22, 23 e 25 de abril de 2019<br><b>Hor\u00e1rio: <\/b>15h \u00e0s 17h<br><b>Local:<\/b> Audit\u00f3rio do PRODEPE \u2013 FANAT \/ UERN<\/p><\/div>\n\t\t\t\t<\/div>\n\t\t\t\t\t\t\t<div class=\"elementor-toggle-item\">\n\t\t\t\t\t<div id=\"elementor-tab-title-1802\" class=\"elementor-tab-title\" data-tab=\"2\" role=\"button\" aria-controls=\"elementor-tab-content-1802\" aria-expanded=\"false\">\n\t\t\t\t\t\t\t\t\t\t\t\t<span class=\"elementor-toggle-icon elementor-toggle-icon-left\" aria-hidden=\"true\">\n\t\t\t\t\t\t\t\t\t\t\t\t\t\t\t<span class=\"elementor-toggle-icon-closed\"><i class=\"fas fa-caret-right\"><\/i><\/span>\n\t\t\t\t\t\t\t\t<span class=\"elementor-toggle-icon-opened\"><i class=\"elementor-toggle-icon-opened fas fa-caret-up\"><\/i><\/span>\n\t\t\t\t\t\t\t\t\t\t\t\t\t<\/span>\n\t\t\t\t\t\t\t\t\t\t\t\t<a class=\"elementor-toggle-title\" tabindex=\"0\">Curso de Difra\u00e7\u00e3o de Raios-X para Caracteriza\u00e7\u00e3o de Materiais<\/a>\n\t\t\t\t\t<\/div>\n\n\t\t\t\t\t<div id=\"elementor-tab-content-1802\" class=\"elementor-tab-content elementor-clearfix\" data-tab=\"2\" role=\"region\" aria-labelledby=\"elementor-tab-title-1802\"><p><b>T\u00edtulo:&nbsp;<\/b><a href=\"https:\/\/ppgf.uern.br\/files\/MINICURSOS\/MINICURSO_Joo_Maria_Soares.pdf\" target=\"_blank\">Curso de Difra\u00e7\u00e3o de Raios-X para Caracteriza\u00e7\u00e3o de Materiais<\/a><br><b>Palestrante: <\/b>Prof. Dr. Jo\u00e3o Maria Soares<br><b>Per\u00edodo: <\/b>12 a 14 de novembro de 2018<br><b>Hor\u00e1rio: <\/b>18h as 21h<br><b>Local: <\/b>Audit\u00f3rio do PRODEPE &#8211; FANAT \/ UERN<br><b>Inscri\u00e7\u00f5es:<\/b>&nbsp;<a href=\"https:\/\/docs.google.com\/forms\/d\/e\/1FAIpQLSdHOo_rCT989T6SsGiR1dYognye2XyrZm7Du1JpnR6Ng_jggA\/viewform\" target=\"_blank\" style=\"background-color: rgb(255, 255, 255); letter-spacing: 0px;\">Aqui<\/a><\/p><\/div>\n\t\t\t\t<\/div>\n\t\t\t\t\t\t\t<div class=\"elementor-toggle-item\">\n\t\t\t\t\t<div id=\"elementor-tab-title-1803\" class=\"elementor-tab-title\" data-tab=\"3\" role=\"button\" aria-controls=\"elementor-tab-content-1803\" aria-expanded=\"false\">\n\t\t\t\t\t\t\t\t\t\t\t\t<span class=\"elementor-toggle-icon elementor-toggle-icon-left\" aria-hidden=\"true\">\n\t\t\t\t\t\t\t\t\t\t\t\t\t\t\t<span class=\"elementor-toggle-icon-closed\"><i class=\"fas fa-caret-right\"><\/i><\/span>\n\t\t\t\t\t\t\t\t<span class=\"elementor-toggle-icon-opened\"><i class=\"elementor-toggle-icon-opened fas fa-caret-up\"><\/i><\/span>\n\t\t\t\t\t\t\t\t\t\t\t\t\t<\/span>\n\t\t\t\t\t\t\t\t\t\t\t\t<a class=\"elementor-toggle-title\" tabindex=\"0\">Introdu\u00e7\u00e3o ao magnetismo da mat\u00e9ria: Uma abordagem conceitual e hist\u00f3rica<\/a>\n\t\t\t\t\t<\/div>\n\n\t\t\t\t\t<div id=\"elementor-tab-content-1803\" class=\"elementor-tab-content elementor-clearfix\" data-tab=\"3\" role=\"region\" aria-labelledby=\"elementor-tab-title-1803\"><p><b>T\u00edtulo:<\/b><a href=\"https:\/\/ppgf.uern.br\/files\/MINICURSOS\/MINICURSO_INTRODUO_AO_MAGNETISMO_DA_MATRIA_UMA_ABORDAGEM_CONCEITUAL_E_HISTRICA.pdf\" target=\"_blank\"> Introdu\u00e7\u00e3o ao magnetismo da mat\u00e9ria: Uma abordagem conceitual e hist\u00f3rica<\/a><br><b>Palestrante: <\/b>Mylena Mayla de Sousa<br><b>Per\u00edodo:<\/b> 9 a 11 de outubro de 2018<br><b>Hor\u00e1rio:<\/b> 16h as 18h<br><b>Local:<\/b> Sala de Semin\u00e1rios do Departamento de F\u00edsica<br><b>Inscri\u00e7\u00f5es:<\/b>&nbsp;<a href=\"https:\/\/docs.google.com\/forms\/d\/e\/1FAIpQLSfmzZB-1o2jheIwR4qrt9XthrbXU61moalzGP-orzoXm3zeHA\/viewform\" target=\"_blank\" style=\"background-color: rgb(255, 255, 255); letter-spacing: 0px;\">Aqui<\/a><\/p><\/div>\n\t\t\t\t<\/div>\n\t\t\t\t\t\t\t<div class=\"elementor-toggle-item\">\n\t\t\t\t\t<div id=\"elementor-tab-title-1804\" class=\"elementor-tab-title\" data-tab=\"4\" role=\"button\" aria-controls=\"elementor-tab-content-1804\" aria-expanded=\"false\">\n\t\t\t\t\t\t\t\t\t\t\t\t<span class=\"elementor-toggle-icon elementor-toggle-icon-left\" aria-hidden=\"true\">\n\t\t\t\t\t\t\t\t\t\t\t\t\t\t\t<span class=\"elementor-toggle-icon-closed\"><i class=\"fas fa-caret-right\"><\/i><\/span>\n\t\t\t\t\t\t\t\t<span class=\"elementor-toggle-icon-opened\"><i class=\"elementor-toggle-icon-opened fas fa-caret-up\"><\/i><\/span>\n\t\t\t\t\t\t\t\t\t\t\t\t\t<\/span>\n\t\t\t\t\t\t\t\t\t\t\t\t<a class=\"elementor-toggle-title\" tabindex=\"0\">A Hist\u00f3ria da Mec\u00e2nica Estat\u00edstica<\/a>\n\t\t\t\t\t<\/div>\n\n\t\t\t\t\t<div id=\"elementor-tab-content-1804\" class=\"elementor-tab-content elementor-clearfix\" data-tab=\"4\" role=\"region\" aria-labelledby=\"elementor-tab-title-1804\"><p><b>T\u00edtulo:&nbsp;<\/b><a href=\"https:\/\/ppgf.uern.br\/files\/MINICURSOS\/A_HISTORIA_DA_MECANICA_ESTATISTICA.pdf\" target=\"_blank\">A Hist\u00f3ria da Mec\u00e2nica Estat\u00edstica<\/a><br><b>Palestrante: <\/b>Dra. Eli\u00e2ngela Paulino Bento de Souza<br><b>Institui\u00e7\u00e3o: <\/b>Departamento de F\u00edsica &#8211; UERN<br><b>Data:<\/b> 08, 10, 15, 17 e 22 de agosto <br><b>Hor\u00e1rio: <\/b>16 as 18 hs<br><b>Local: <\/b>Audit\u00f3rio do PRODEPE \u2013 FANAT \/ UERN<\/p>\n<p><b>Notas de aulas:<\/b><br><a href=\"https:\/\/ppgf.uern.br\/files\/MINICURSOS\/A%20Hist%C3%B3ria%20da%20Mec%C3%A2nica%20Estat%C3%ADstica\/HME_Parte_I.pdf\" target=\"_blank\">Aula 1<\/a><br><a href=\"https:\/\/ppgf.uern.br\/files\/MINICURSOS\/A%20Hist%C3%B3ria%20da%20Mec%C3%A2nica%20Estat%C3%ADstica\/HME_Parte_II.pdf\" target=\"_blank\">Aula 2<\/a><br><a href=\"https:\/\/ppgf.uern.br\/files\/MINICURSOS\/A%20Hist%C3%B3ria%20da%20Mec%C3%A2nica%20Estat%C3%ADstica\/HME_Parte_III.pdf\" target=\"_blank\">Aula 3<\/a><br><a href=\"https:\/\/ppgf.uern.br\/files\/MINICURSOS\/A%20Hist%C3%B3ria%20da%20Mec%C3%A2nica%20Estat%C3%ADstica\/HME_Parte_IV.pdf\" target=\"_blank\">Aula 4<\/a><br><a href=\"https:\/\/ppgf.uern.br\/files\/MINICURSOS\/A%20Hist%C3%B3ria%20da%20Mec%C3%A2nica%20Estat%C3%ADstica\/HME_Parte_V.pdf\" target=\"_blank\">Aula 5<\/a><br><\/p><\/div>\n\t\t\t\t<\/div>\n\t\t\t\t\t\t\t<div class=\"elementor-toggle-item\">\n\t\t\t\t\t<div id=\"elementor-tab-title-1805\" class=\"elementor-tab-title\" data-tab=\"5\" role=\"button\" aria-controls=\"elementor-tab-content-1805\" aria-expanded=\"false\">\n\t\t\t\t\t\t\t\t\t\t\t\t<span class=\"elementor-toggle-icon elementor-toggle-icon-left\" aria-hidden=\"true\">\n\t\t\t\t\t\t\t\t\t\t\t\t\t\t\t<span class=\"elementor-toggle-icon-closed\"><i class=\"fas fa-caret-right\"><\/i><\/span>\n\t\t\t\t\t\t\t\t<span class=\"elementor-toggle-icon-opened\"><i class=\"elementor-toggle-icon-opened fas fa-caret-up\"><\/i><\/span>\n\t\t\t\t\t\t\t\t\t\t\t\t\t<\/span>\n\t\t\t\t\t\t\t\t\t\t\t\t<a class=\"elementor-toggle-title\" tabindex=\"0\">Uma discuss\u00e3o sobre a evolu\u00e7\u00e3o do conceito de for\u00e7a: dos gregos a Newton<\/a>\n\t\t\t\t\t<\/div>\n\n\t\t\t\t\t<div id=\"elementor-tab-content-1805\" class=\"elementor-tab-content elementor-clearfix\" data-tab=\"5\" role=\"region\" aria-labelledby=\"elementor-tab-title-1805\"><p><b>T\u00edtulo:<\/b>&nbsp;<a href=\"https:\/\/ppgf.uern.br\/files\/MINICURSOS\/MINICURSO_Uma_discusso_sobre_a_evoluo_do_conceito_de_fora_dos_gregos_a_Newton.pdf\" target=\"_blank\">Uma discuss\u00e3o sobre a evolu\u00e7\u00e3o do conceito de for\u00e7a: dos gregos a Newton<\/a><br><b>Palestrante: <\/b>Prof. Me. Francisco Jos\u00e9lio Rafael<br><b>Per\u00edodo: <\/b>15, 18, 22, 25 e 29 de maio de 2017<br><b>Hor\u00e1rio:<\/b> 16h as 18h<br><b>Local:<\/b> Sala de Semin\u00e1rios do Departamento de F\u00edsica<\/p>\n<p><b>Notas de aulas:<\/b><br><a href=\"https:\/\/ppgf.uern.br\/files\/MINICURSOS\/Minicurso_18_maio.pdf\" target=\"_blank\">Aula 1<\/a><br><a href=\"https:\/\/ppgf.uern.br\/files\/MINICURSOS\/NEWTON_E_O_DESENVOLVIMENTO_DO_CONHECIMENTO_atual.pdf\" target=\"_blank\">Aulas 2 e 3<\/a><br><a href=\"https:\/\/ppgf.uern.br\/files\/MINICURSOS\/O_CONCEITO_DE_FORA_NA_IDADE_MDIA.pdf\" target=\"_blank\">Aula 4<\/a><br>Aula 5<\/p><\/div>\n\t\t\t\t<\/div>\n\t\t\t\t\t\t\t<div class=\"elementor-toggle-item\">\n\t\t\t\t\t<div id=\"elementor-tab-title-1806\" class=\"elementor-tab-title\" data-tab=\"6\" role=\"button\" aria-controls=\"elementor-tab-content-1806\" aria-expanded=\"false\">\n\t\t\t\t\t\t\t\t\t\t\t\t<span class=\"elementor-toggle-icon elementor-toggle-icon-left\" aria-hidden=\"true\">\n\t\t\t\t\t\t\t\t\t\t\t\t\t\t\t<span class=\"elementor-toggle-icon-closed\"><i class=\"fas fa-caret-right\"><\/i><\/span>\n\t\t\t\t\t\t\t\t<span class=\"elementor-toggle-icon-opened\"><i class=\"elementor-toggle-icon-opened fas fa-caret-up\"><\/i><\/span>\n\t\t\t\t\t\t\t\t\t\t\t\t\t<\/span>\n\t\t\t\t\t\t\t\t\t\t\t\t<a class=\"elementor-toggle-title\" tabindex=\"0\">Introdu\u00e7\u00e3o \u00e0 F\u00edsica B\u00e1sica<\/a>\n\t\t\t\t\t<\/div>\n\n\t\t\t\t\t<div id=\"elementor-tab-content-1806\" class=\"elementor-tab-content elementor-clearfix\" data-tab=\"6\" role=\"region\" aria-labelledby=\"elementor-tab-title-1806\"><p><b>T\u00edtulo:\u00a0<\/b><a href=\"https:\/\/ppgf.uern.br\/files\/MINICURSOS\/MINICURSOS_FSICA(1).pdf\" target=\"_blank\" rel=\"noopener\">Introdu\u00e7\u00e3o \u00e0 F\u00edsica B\u00e1sica<\/a><br \/><b>Per\u00edodo: <\/b>17 de abril a 12 de junho de 2017<br \/><b>Programa\u00e7\u00e3o:<\/b>\u00a0<a href=\"https:\/\/ppgf.uern.br\/files\/MINICURSOS\/programaccaoFisicaBasica.pdf\" target=\"_blank\" rel=\"noopener\">Veja aqui<\/a><br \/><b>Hor\u00e1rio: <\/b>Entre 13h30min e 17h30min<\/p><\/div>\n\t\t\t\t<\/div>\n\t\t\t\t\t\t\t<div class=\"elementor-toggle-item\">\n\t\t\t\t\t<div id=\"elementor-tab-title-1807\" class=\"elementor-tab-title\" data-tab=\"7\" role=\"button\" aria-controls=\"elementor-tab-content-1807\" aria-expanded=\"false\">\n\t\t\t\t\t\t\t\t\t\t\t\t<span class=\"elementor-toggle-icon elementor-toggle-icon-left\" aria-hidden=\"true\">\n\t\t\t\t\t\t\t\t\t\t\t\t\t\t\t<span class=\"elementor-toggle-icon-closed\"><i class=\"fas fa-caret-right\"><\/i><\/span>\n\t\t\t\t\t\t\t\t<span class=\"elementor-toggle-icon-opened\"><i class=\"elementor-toggle-icon-opened fas fa-caret-up\"><\/i><\/span>\n\t\t\t\t\t\t\t\t\t\t\t\t\t<\/span>\n\t\t\t\t\t\t\t\t\t\t\t\t<a class=\"elementor-toggle-title\" tabindex=\"0\">Introdu\u00e7\u00e3o \u00e0 F\u00edsica Matem\u00e1tica<\/a>\n\t\t\t\t\t<\/div>\n\n\t\t\t\t\t<div id=\"elementor-tab-content-1807\" class=\"elementor-tab-content elementor-clearfix\" data-tab=\"7\" role=\"region\" aria-labelledby=\"elementor-tab-title-1807\"><p><b>T\u00edtulo:<\/b><a href=\"https:\/\/ppgf.uern.br\/files\/MINICURSOS\/MINICURSO_Fsica_Matematica(1).pdf\" target=\"_blank\"> Introdu\u00e7\u00e3o \u00e0 F\u00edsica Matem\u00e1tica<\/a><br><b>Per\u00edodo: <\/b>17 de abril a 12 de junho de 2017<br><b>Programa\u00e7\u00e3o:<\/b><a href=\"https:\/\/ppgf.uern.br\/files\/MINICURSOS\/programaoIntroduo_FMatematica.pdf\" target=\"_blank\"> Veja aqui<\/a><br><b>Hor\u00e1rio: <\/b>Entre 13h30min e 17h30min<\/p><\/div>\n\t\t\t\t<\/div>\n\t\t\t\t\t\t\t<div class=\"elementor-toggle-item\">\n\t\t\t\t\t<div id=\"elementor-tab-title-1808\" class=\"elementor-tab-title\" data-tab=\"8\" role=\"button\" aria-controls=\"elementor-tab-content-1808\" aria-expanded=\"false\">\n\t\t\t\t\t\t\t\t\t\t\t\t<span class=\"elementor-toggle-icon elementor-toggle-icon-left\" aria-hidden=\"true\">\n\t\t\t\t\t\t\t\t\t\t\t\t\t\t\t<span class=\"elementor-toggle-icon-closed\"><i class=\"fas fa-caret-right\"><\/i><\/span>\n\t\t\t\t\t\t\t\t<span class=\"elementor-toggle-icon-opened\"><i class=\"elementor-toggle-icon-opened fas fa-caret-up\"><\/i><\/span>\n\t\t\t\t\t\t\t\t\t\t\t\t\t<\/span>\n\t\t\t\t\t\t\t\t\t\t\t\t<a class=\"elementor-toggle-title\" tabindex=\"0\">Minicurso de Magnetismo<\/a>\n\t\t\t\t\t<\/div>\n\n\t\t\t\t\t<div id=\"elementor-tab-content-1808\" class=\"elementor-tab-content elementor-clearfix\" data-tab=\"8\" role=\"region\" aria-labelledby=\"elementor-tab-title-1808\"><p><b>T\u00edtulo:<\/b>\u00a0<a href=\"https:\/\/ppgf.uern.br\/files\/MINICURSOS\/MINICURSO_INTRODUO_AO_MAGNETISMO.pdf\" target=\"_blank\" rel=\"noopener\">Magnetismo da Mat\u00e9ria: Teoria e Experimento<\/a><br \/><b>Palestrante:<\/b> Dr. Vamberto Dias de Mello e Dr. Rodolfo Bezerra da Silva<br \/><b>Institui\u00e7\u00e3o: <\/b>Departamento de F\u00edsica &#8211; UERN<br \/><b>Data: <\/b>10, 11, 12 e 13 de abril <br \/><b>Hor\u00e1rio:<\/b> 18 as 20 hs<br \/><b>Local:<\/b> Sala de Seminarios de F\u00edsica \u2013 DF \/ UERN<\/p><p><b>Notas de Aula:<\/b><br \/><a href=\"https:\/\/ppgf.uern.br\/files\/MINICURSOS\/Minicurso_Magnetismo.pdf\" target=\"_blank\" rel=\"noopener\">Magnetismo da Mat\u00e9ria &#8211; Teoria e Experimento<\/a><\/p><\/div>\n\t\t\t\t<\/div>\n\t\t\t\t\t\t\t<div class=\"elementor-toggle-item\">\n\t\t\t\t\t<div id=\"elementor-tab-title-1809\" class=\"elementor-tab-title\" data-tab=\"9\" role=\"button\" aria-controls=\"elementor-tab-content-1809\" aria-expanded=\"false\">\n\t\t\t\t\t\t\t\t\t\t\t\t<span class=\"elementor-toggle-icon elementor-toggle-icon-left\" aria-hidden=\"true\">\n\t\t\t\t\t\t\t\t\t\t\t\t\t\t\t<span class=\"elementor-toggle-icon-closed\"><i class=\"fas fa-caret-right\"><\/i><\/span>\n\t\t\t\t\t\t\t\t<span class=\"elementor-toggle-icon-opened\"><i class=\"elementor-toggle-icon-opened fas fa-caret-up\"><\/i><\/span>\n\t\t\t\t\t\t\t\t\t\t\t\t\t<\/span>\n\t\t\t\t\t\t\t\t\t\t\t\t<a class=\"elementor-toggle-title\" tabindex=\"0\">Minicurso de Python<\/a>\n\t\t\t\t\t<\/div>\n\n\t\t\t\t\t<div id=\"elementor-tab-content-1809\" class=\"elementor-tab-content elementor-clearfix\" data-tab=\"9\" role=\"region\" aria-labelledby=\"elementor-tab-title-1809\"><p><b>T\u00edtulo:<\/b>&nbsp;<a href=\"https:\/\/ppgf.uern.br\/files\/MINICURSOS\/CURSO_PYTHON.pdf\" target=\"_blank\">Curso B\u00e1sico de Python para Estudantes de F\u00edsica<\/a><br><b>Palestrante: <\/b>Dr. German Racca<br><b>Institui\u00e7\u00e3o: <\/b>Departamento de F\u00edsica &#8211; UERN<br><b>Data:<\/b> 25\/05 a 26\/06 de 2016 <br><b>Hor\u00e1rio:<\/b> 16 as 18 hs<br><b>Local: <\/b>Sala de Seminarios de F\u00edsica \u2013 DF \/ UERN<\/p>\n<p><b>Notas de Aula:<\/b><br><a href=\"https:\/\/ppgf.uern.br\/files\/python-uern-2016-00.pdf\" target=\"_blank\">Aula 1<\/a><br><a href=\"https:\/\/ppgf.uern.br\/files\/python-uern-2016-01.pdf\" target=\"_blank\">Aula 2<\/a><br><a href=\"https:\/\/ppgf.uern.br\/files\/python-uern-2016-02.pdf\" target=\"_blank\">Aula 3<\/a><br><a href=\"https:\/\/ppgf.uern.br\/files\/python-uern-2016-03.pdf\" target=\"_blank\">Aula 4<\/a><br><a href=\"https:\/\/ppgf.uern.br\/files\/python-uern-2016-04.pdf\" target=\"_blank\">Aula 5<\/a><br><\/p><\/div>\n\t\t\t\t<\/div>\n\t\t\t\t\t\t\t\t<\/div>\n\t\t\t\t\t\t<\/div>\n\t\t\t\t<\/div>\n\t\t\t\t\t<\/div>\n\t\t<\/div>\n\t\t\t\t\t<\/div>\n\t\t<\/section>\n\t\t\t\t<\/div>\n\t\t","protected":false},"excerpt":{"rendered":"<p>Mulheres da ci\u00eancia: uma abordagem hist\u00f3rico-social T\u00edtulo:&nbsp;Mulheres da ci\u00eancia: uma abordagem hist\u00f3rico-socialPalestrante: Dra. Eli\u00e2ngela Paulino Bento de SouzaInstitui\u00e7\u00e3o: Departamento de F\u00edsica &#8211; UERNPer\u00edodo de inscri\u00e7\u00f5es: 11 a 18 de abril de 2019Inscri\u00e7\u00f5es:&nbsp;AquiPer\u00edodo de realiza\u00e7\u00e3o: 22, 23 e 25 de abril de 2019Hor\u00e1rio: 15h \u00e0s 17hLocal: Audit\u00f3rio do PRODEPE \u2013 FANAT \/ UERN Curso de Difra\u00e7\u00e3o [&hellip;]<\/p>\n","protected":false},"author":3,"featured_media":0,"parent":0,"menu_order":0,"comment_status":"closed","ping_status":"closed","template":"","meta":{"footnotes":""},"class_list":["post-2602","page","type-page","status-publish","hentry"],"_links":{"self":[{"href":"https:\/\/ppgf.uern.br\/index.php?rest_route=\/wp\/v2\/pages\/2602","targetHints":{"allow":["GET"]}}],"collection":[{"href":"https:\/\/ppgf.uern.br\/index.php?rest_route=\/wp\/v2\/pages"}],"about":[{"href":"https:\/\/ppgf.uern.br\/index.php?rest_route=\/wp\/v2\/types\/page"}],"author":[{"embeddable":true,"href":"https:\/\/ppgf.uern.br\/index.php?rest_route=\/wp\/v2\/users\/3"}],"replies":[{"embeddable":true,"href":"https:\/\/ppgf.uern.br\/index.php?rest_route=%2Fwp%2Fv2%2Fcomments&post=2602"}],"version-history":[{"count":3,"href":"https:\/\/ppgf.uern.br\/index.php?rest_route=\/wp\/v2\/pages\/2602\/revisions"}],"predecessor-version":[{"id":3494,"href":"https:\/\/ppgf.uern.br\/index.php?rest_route=\/wp\/v2\/pages\/2602\/revisions\/3494"}],"wp:attachment":[{"href":"https:\/\/ppgf.uern.br\/index.php?rest_route=%2Fwp%2Fv2%2Fmedia&parent=2602"}],"curies":[{"name":"wp","href":"https:\/\/api.w.org\/{rel}","templated":true}]}}