{"id":2573,"date":"2021-01-26T22:16:53","date_gmt":"2021-01-26T22:16:53","guid":{"rendered":"http:\/\/ppgf.42web.io\/?page_id=2573"},"modified":"2025-09-26T11:44:54","modified_gmt":"2025-09-26T14:44:54","slug":"editais-e-provas","status":"publish","type":"page","link":"https:\/\/ppgf.uern.br\/?page_id=2573","title":{"rendered":"Editais e Provas"},"content":{"rendered":"\t\t<div data-elementor-type=\"wp-page\" data-elementor-id=\"2573\" class=\"elementor elementor-2573\" data-elementor-post-type=\"page\">\n\t\t\t\t\t\t<section class=\"elementor-section elementor-top-section elementor-element elementor-element-128697f elementor-section-boxed elementor-section-height-default elementor-section-height-default\" data-id=\"128697f\" data-element_type=\"section\">\n\t\t\t\t\t\t<div class=\"elementor-container elementor-column-gap-default\">\n\t\t\t\t\t<div class=\"elementor-column elementor-col-100 elementor-top-column elementor-element elementor-element-e200ff8\" data-id=\"e200ff8\" data-element_type=\"column\">\n\t\t\t<div class=\"elementor-widget-wrap elementor-element-populated\">\n\t\t\t\t\t\t<div class=\"elementor-element elementor-element-0ca023f elementor-widget elementor-widget-heading\" data-id=\"0ca023f\" data-element_type=\"widget\" data-widget_type=\"heading.default\">\n\t\t\t\t<div class=\"elementor-widget-container\">\n\t\t\t\t\t<h2 class=\"elementor-heading-title elementor-size-default\">Editais e provas de sele\u00e7\u00e3o de discentes do PPGF<\/h2>\t\t\t\t<\/div>\n\t\t\t\t<\/div>\n\t\t\t\t\t<\/div>\n\t\t<\/div>\n\t\t\t\t\t<\/div>\n\t\t<\/section>\n\t\t\t\t<section class=\"elementor-section elementor-top-section elementor-element elementor-element-396233f elementor-section-boxed elementor-section-height-default elementor-section-height-default\" data-id=\"396233f\" data-element_type=\"section\">\n\t\t\t\t\t\t<div class=\"elementor-container elementor-column-gap-default\">\n\t\t\t\t\t<div class=\"elementor-column elementor-col-100 elementor-top-column elementor-element elementor-element-a5877e1\" data-id=\"a5877e1\" data-element_type=\"column\">\n\t\t\t<div class=\"elementor-widget-wrap elementor-element-populated\">\n\t\t\t\t\t\t<div class=\"elementor-element elementor-element-17ee466 elementor-widget elementor-widget-text-editor\" data-id=\"17ee466\" data-element_type=\"widget\" data-widget_type=\"text-editor.default\">\n\t\t\t\t<div class=\"elementor-widget-container\">\n\t\t\t\t\t\t\t\t\t<p>Disponibilizamos aqui os editais e provas das sele\u00e7\u00f5es anteriores com objetivo de orient\u00e1-lo(a) melhor na sua prepara\u00e7\u00e3o para os pr\u00f3ximos exames de sele\u00e7\u00e3o dos cursos de mestrado (desde 2014) e doutorado (desde 2019).<\/p>\t\t\t\t\t\t\t\t<\/div>\n\t\t\t\t<\/div>\n\t\t\t\t\t<\/div>\n\t\t<\/div>\n\t\t\t\t\t<\/div>\n\t\t<\/section>\n\t\t\t\t<section class=\"elementor-section elementor-top-section elementor-element elementor-element-4683570 elementor-section-boxed elementor-section-height-default elementor-section-height-default\" data-id=\"4683570\" data-element_type=\"section\">\n\t\t\t\t\t\t<div class=\"elementor-container elementor-column-gap-default\">\n\t\t\t\t\t<div class=\"elementor-column elementor-col-100 elementor-top-column elementor-element elementor-element-8a21260\" data-id=\"8a21260\" data-element_type=\"column\">\n\t\t\t<div class=\"elementor-widget-wrap elementor-element-populated\">\n\t\t\t\t\t\t<div class=\"elementor-element elementor-element-509d293 elementor-invisible elementor-widget elementor-widget-accordion\" data-id=\"509d293\" data-element_type=\"widget\" data-settings=\"{&quot;_animation&quot;:&quot;fadeIn&quot;}\" data-widget_type=\"accordion.default\">\n\t\t\t\t<div class=\"elementor-widget-container\">\n\t\t\t\t\t\t\t<div class=\"elementor-accordion\">\n\t\t\t\t\t\t\t<div class=\"elementor-accordion-item\">\n\t\t\t\t\t<div id=\"elementor-tab-title-8451\" class=\"elementor-tab-title\" data-tab=\"1\" role=\"button\" aria-controls=\"elementor-tab-content-8451\" aria-expanded=\"false\">\n\t\t\t\t\t\t\t\t\t\t\t\t\t<span class=\"elementor-accordion-icon elementor-accordion-icon-left\" aria-hidden=\"true\">\n\t\t\t\t\t\t\t\t\t\t\t\t\t\t\t<span class=\"elementor-accordion-icon-closed\"><i class=\"fas fa-plus\"><\/i><\/span>\n\t\t\t\t\t\t\t\t<span class=\"elementor-accordion-icon-opened\"><i class=\"fas fa-minus\"><\/i><\/span>\n\t\t\t\t\t\t\t\t\t\t\t\t\t\t<\/span>\n\t\t\t\t\t\t\t\t\t\t\t\t<a class=\"elementor-accordion-title\" tabindex=\"0\">Editais<\/a>\n\t\t\t\t\t<\/div>\n\t\t\t\t\t<div id=\"elementor-tab-content-8451\" class=\"elementor-tab-content elementor-clearfix\" data-tab=\"1\" role=\"region\" aria-labelledby=\"elementor-tab-title-8451\"><ul><li><a href=\"https:\/\/drive.google.com\/file\/d\/1ys3STmHQosGTtU4nBoiQiRsuGh4LdKyy\/view?usp=sharing\" target=\"_blank\" rel=\"noopener\"><b>Edital 2025.2<\/b><\/a><\/li><li><a style=\"color: #0056b3; outline: none;\" href=\"https:\/\/drive.google.com\/file\/d\/1SOCDCU3o3DPu5JbNuINXYAX5Td6jgnq5\/view?usp=sharing\" target=\"_blank\" rel=\"noopener\"><span style=\"outline: none; font-weight: bold;\">Edital 2025.1<\/span><\/a><\/li><li><a style=\"color: #0056b3; outline: none;\" href=\"https:\/\/drive.google.com\/file\/d\/1PYD9UigWYKBYBc0EwL84BcEB3qHHtKzL\/view?usp=sharing\" target=\"_blank\" rel=\"noopener\"><span style=\"font-weight: bold;\">Edital 2024.1<\/span><\/a><\/li><li><a href=\"https:\/\/drive.google.com\/file\/d\/1cy5x5DUY9gRONF97ozdX_YPaCYydgtlW\/view?usp=sharing\"><b>Edital 2023.2<\/b><\/a><\/li><li><a href=\"https:\/\/drive.google.com\/file\/d\/1JDANPfRo3xPMqwE9LOFA_HdMOSWxpPgL\/view?usp=sharing\" target=\"_blank\" rel=\"noopener\"><b>Edital 2023.1<\/b><\/a><\/li><li><b><a href=\"https:\/\/drive.google.com\/file\/d\/14bufdgMwPlGHeD-sjmuxVJTaDz5SZxME\/view?usp=sharing\">Edital 2022.2<\/a><\/b><\/li><li><b><a href=\"https:\/\/drive.google.com\/file\/d\/1JNJhHTzVM1VmVx-9LVFuUM6WPIoPTaVB\/view?usp=sharing\">Aditivo ao Edital 2022.2<\/a><\/b><\/li><li><strong><a href=\"https:\/\/drive.google.com\/file\/d\/1X3vzFwwBlvEEWkOa6aqQJWadZgGnyAkd\/view?usp=sharing\" target=\"_blank\" rel=\"noopener\">Edital 2022.1<\/a><\/strong><\/li><li><a href=\"https:\/\/drive.google.com\/file\/d\/13TVFki1rI7TOdwqX2MSdNdA5W-A-Ua54\/view?usp=sharing\" target=\"_blank\" rel=\"noopener\"><span style=\"color: #1c3f95;\"><span style=\"font-weight: bolder;\">Edital 2021.1<\/span><\/span><\/a><\/li><li><span style=\"color: #1c3f95;\"><a style=\"color: #1c3f95;\" href=\"https:\/\/ppgf.uern.br\/files\/SeleccaoPPGF\/MestradoeDoutorado\/Selecao%20MD%202020%202\/ESTE_Edital_012020_-_PPGFUERN.pdf\" target=\"_blank\" rel=\"noopener\"><span style=\"font-weight: bolder;\">Edital 2020.1<\/span><\/a><\/span><\/li><li><span style=\"color: #1c3f95;\"><a style=\"color: #1c3f95;\" href=\"https:\/\/ppgf.uern.br\/files\/SeleccaoPPGF\/MestradoeDoutorado\/SeleccaoMD20192\/EditalSeleccao20192PPGF.pdf\" target=\"_blank\" rel=\"noopener\"><span style=\"font-weight: bolder;\">Edital 2019.2<\/span><\/a><\/span><\/li><li><span style=\"color: #1c3f95;\"><span style=\"font-weight: bolder;\"><a style=\"color: #1c3f95; outline: none;\" href=\"https:\/\/ppgf.uern.br\/files\/SeleccaoPPGF\/MestradoeDoutorado\/SeleccaoMD20191\/EditalSeleccao20191PPGFFinal.pdf\" target=\"_blank\" rel=\"noopener\">Edital 2019.1<\/a><\/span><\/span><\/li><li><span style=\"color: #1c3f95;\"><span style=\"font-weight: bolder;\"><a style=\"color: #1c3f95;\" href=\"https:\/\/ppgf.uern.br\/files\/SeleccaoPPGF\/Mestrado\/SeleccapM20182\/EditalSeleccao20182PPGFCompleto.pdf\" target=\"_blank\" rel=\"noopener\">Edital 2018.2<\/a><\/span><br \/><\/span><\/li><li><span style=\"color: #1c3f95;\"><span style=\"font-weight: bolder;\"><a style=\"color: #1c3f95;\" href=\"https:\/\/ppgf.uern.br\/files\/Editais%20e%20Provas\/Editais\/EditalSeleccao20181Final(2).pdf\" target=\"_blank\" rel=\"noopener\">Edital 2018.1<\/a><\/span><\/span><\/li><li><span style=\"color: #1c3f95;\"><a style=\"color: #1c3f95; outline: none;\" href=\"https:\/\/ppgf.uern.br\/files\/Editais%20e%20Provas\/Editais\/Edital_selacao_20172PPGF.pdf\" target=\"_blank\" rel=\"noopener\"><span style=\"font-weight: bolder;\">Edital 2017.<\/span><span style=\"font-weight: bolder;\">2<\/span><\/a><\/span><\/li><li><a style=\"color: #1c3f95; background-color: #ffffff; outline: none;\" href=\"https:\/\/ppgf.uern.br\/files\/Editais%20e%20Provas\/Editais\/Editalseleo2017_1PPGF.pdf\" target=\"_blank\" rel=\"noopener\"><span style=\"font-weight: bolder;\">Edital 2017.<\/span><span style=\"font-weight: bolder;\">1<\/span><\/a><\/li><li><span style=\"color: #1c3f95;\"><a style=\"color: #1c3f95;\" href=\"https:\/\/ppgf.uern.br\/files\/Editais%20e%20Provas\/Editais\/edital_selaaao_2016_2.pdf\" target=\"_blank\" rel=\"noopener\"><span style=\"font-weight: bolder;\">Edital 2016.2<\/span><\/a><\/span><\/li><li><span style=\"font-weight: bolder; color: #1c3f95; text-align: -webkit-match-parent; letter-spacing: 0px;\"><a style=\"color: #1c3f95; background-color: #ffffff; font-weight: 400;\" href=\"https:\/\/ppgf.uern.br\/files\/Editais%20e%20Provas\/Editais\/edital_selaaao_2016_ppgf.pdf\" target=\"_blank\" rel=\"noopener\"><span style=\"font-weight: bolder;\">Edital 2016.1<\/span><\/a><br \/><\/span><\/li><li><span style=\"color: #1c3f95;\"><a style=\"color: #1c3f95;\" href=\"https:\/\/ppgf.uern.br\/files\/Editais%20e%20Provas\/Editais\/edital_selaaao_2015_2ppgf.pdf\" target=\"_blank\" rel=\"noopener\"><span style=\"font-weight: bolder;\">Edital 2015.2<\/span><\/a><\/span><\/li><li><a style=\"text-align: -webkit-match-parent; font-weight: var( --e-global-typography-text-font-weight ); background-color: #ffffff; letter-spacing: 0px; color: #1c3f95;\" href=\"https:\/\/ppgf.uern.br\/files\/Editais%20e%20Provas\/Editais\/edital_selaaao_2015_ppgf.pdf\" target=\"_blank\" rel=\"noopener\"><strong>Edital 2015.1<\/strong><\/a><\/li><li><a style=\"color: #1c3f95; background-color: #ffffff; font-weight: var( --e-global-typography-text-font-weight ); letter-spacing: 0px; text-align: -webkit-match-parent;\" href=\"https:\/\/ppgf.uern.br\/files\/Editais%20e%20Provas\/Editais\/edital_selaaao_2014_2.pdf\" target=\"_blank\" rel=\"noopener\"><span style=\"font-weight: bolder;\">Edital 2014.2<\/span><\/a><\/li><li><a style=\"text-align: -webkit-match-parent; font-weight: var( --e-global-typography-text-font-weight ); letter-spacing: 0px; color: #1c3f95; background-color: #ffffff;\" href=\"https:\/\/ppgf.uern.br\/files\/Editais%20e%20Provas\/Editais\/edital_selaaao_mf_2013_2014.pdf\" target=\"_blank\" rel=\"noopener\"><span style=\"font-weight: bolder;\">Edital 2014.1<\/span><\/a><\/li><\/ul><\/div>\n\t\t\t\t<\/div>\n\t\t\t\t\t\t\t<div class=\"elementor-accordion-item\">\n\t\t\t\t\t<div id=\"elementor-tab-title-8452\" class=\"elementor-tab-title\" data-tab=\"2\" role=\"button\" aria-controls=\"elementor-tab-content-8452\" aria-expanded=\"false\">\n\t\t\t\t\t\t\t\t\t\t\t\t\t<span class=\"elementor-accordion-icon elementor-accordion-icon-left\" aria-hidden=\"true\">\n\t\t\t\t\t\t\t\t\t\t\t\t\t\t\t<span class=\"elementor-accordion-icon-closed\"><i class=\"fas fa-plus\"><\/i><\/span>\n\t\t\t\t\t\t\t\t<span class=\"elementor-accordion-icon-opened\"><i class=\"fas fa-minus\"><\/i><\/span>\n\t\t\t\t\t\t\t\t\t\t\t\t\t\t<\/span>\n\t\t\t\t\t\t\t\t\t\t\t\t<a class=\"elementor-accordion-title\" tabindex=\"0\">Provas<\/a>\n\t\t\t\t\t<\/div>\n\t\t\t\t\t<div id=\"elementor-tab-content-8452\" class=\"elementor-tab-content elementor-clearfix\" data-tab=\"2\" role=\"region\" aria-labelledby=\"elementor-tab-title-8452\"><ul>\n<li><a href=\"https:\/\/drive.google.com\/file\/d\/1feea89BWjiEuAJsw07yArRM3lvVwK0CF\/view?usp=sharing\" target=\"_blank\" rel=\"noopener\"><b>Mestrado&nbsp;e Doutorado &#8211; 2025.2<\/b><\/a><\/li>\n<li><a href=\"https:\/\/drive.google.com\/file\/d\/1fyy1PXXqyWZ_0EWOpo28T1e4Cze5v-UR\/view?usp=sharing\" target=\"_blank\" rel=\"noopener\"><b>Mestrado&nbsp;e Doutorado &#8211; 2025.1<\/b><\/a><\/li>\n<li><a href=\"https:\/\/drive.google.com\/file\/d\/1C32GKwWk7GvNuOjMqMkLrUMF4UoFZnyq\/view?usp=sharing\" target=\"_blank\" rel=\"noopener\"><b>Mestrado&nbsp;e Doutorado &#8211; 2024.2<\/b><\/a><\/li>\n<li><a href=\"https:\/\/drive.google.com\/file\/d\/1XgnyzuAuVz4yiuwmXWtylRHw70_9aOh7\/view?usp=sharing\" target=\"_blank\" rel=\"noopener\"><b>Mestrado &#8211; 2024.1<\/b><\/a><\/li>\n<li><a href=\"https:\/\/drive.google.com\/file\/d\/1-Bsob4_jW4pttmJu15PEBfusahKLclrd\/view?usp=sharing\" target=\"_blank\" rel=\"noopener\"><b>Doutorado &#8211; 2024.1<\/b><\/a><\/li>\n<li><a style=\"text-align: -webkit-match-parent; font-weight: var( --e-global-typography-text-font-weight ); background-color: #ffffff; letter-spacing: 0px;\" href=\"https:\/\/drive.google.com\/file\/d\/1v99Qi0lGDKJGH4z14yZOzayVHpC-h0Q0\/view?usp=sharing\"><b>Mestrado &#8211; 2023.2<\/b><\/a><\/li>\n<li><a href=\"https:\/\/drive.google.com\/file\/d\/1drlygTlKlk3US7PLN9mUW_miqqt71lea\/view?usp=sharing\"><b>Doutorado &#8211; 2023.2<\/b><\/a><\/li>\n<li><a href=\"https:\/\/drive.google.com\/file\/d\/1LC63oqnakhgGZnvjLmO-F_ferYIgc0IG\/view?usp=sharing\" target=\"_blank\" rel=\"noopener\"><b>Mestrado&nbsp;&#8211; 2023.1<\/b><\/a><\/li>\n<li><a href=\"https:\/\/drive.google.com\/file\/d\/1D76Q8WTERC-6QW39VDAZZU6C4Wsrm4AD\/view?usp=sharing\" target=\"_blank\" rel=\"noopener\"><b>Doutorado&nbsp;&#8211; 2023.1<\/b><\/a><\/li>\n<li><a href=\"https:\/\/drive.google.com\/file\/d\/1rONYpV6uTZI5WZylHHBGyezpRVxbkGMl\/view?usp=sharing\" target=\"_blank\" rel=\"noopener\"><b>Mestrado&nbsp;&#8211; 2022.2<\/b><\/a><\/li>\n<li><a href=\"https:\/\/drive.google.com\/file\/d\/10w9CZyGK2xzd59DnCmtm5OGcfQLxs452\/view?usp=sharing\" target=\"_blank\" rel=\"noopener\"><b>Doutorado&nbsp;&#8211; 2022.2<\/b><\/a><\/li>\n<li><strong><a href=\"https:\/\/drive.google.com\/file\/d\/1BKVWVJVHKkQu6ttajFeFaf0JJ8kDao1I\/view?usp=sharing\" target=\"_blank\" rel=\"noopener\">Prova 2022.1 -Mestrado<\/a><\/strong><\/li>\n<li><a href=\"https:\/\/drive.google.com\/file\/d\/1uO6GpoIBbBb2mdhjDaPrsoEDYUVjAIGP\/view?usp=sharing\" target=\"_blank\" rel=\"noopener\"><strong>Prova 2022.1 &#8211; Doutorado<\/strong><\/a><\/li>\n<li><strong><a href=\"https:\/\/drive.google.com\/file\/d\/1DpZn1saEBYrg-q8nYMGRb-bFuz0ykWBs\/view?usp=sharing\" target=\"_blank\" rel=\"noopener\">Prova 2021.1 -Mestrado<\/a><\/strong><\/li>\n<li><a href=\"https:\/\/drive.google.com\/file\/d\/1uxIJsJjtOqjKOlIvbXOzC6z41dBY6eyo\/view?usp=sharing\" target=\"_blank\" rel=\"noopener\"><strong>Prova 2021.1 &#8211; Doutorado<\/strong><\/a><\/li>\n<li><a style=\"text-align: -webkit-match-parent; font-weight: var( --e-global-typography-text-font-weight ); background-color: #ffffff; letter-spacing: 0px; color: #1c3f95; outline: none;\" href=\"https:\/\/ppgf.uern.br\/files\/SeleccaoPPGF\/MestradoeDoutorado\/SelaccaoMD20201\/Prova_Selecao_Mestrado_UERN2020-1-PDF.pdf\" target=\"_blank\" rel=\"noopener\"><span style=\"font-weight: bolder;\">Prova 2020.1 &#8211; Mestrado<\/span><\/a><\/li>\n<li><span style=\"color: #1c3f95;\"><a style=\"color: #1c3f95;\" href=\"https:\/\/ppgf.uern.br\/files\/SeleccaoPPGF\/MestradoeDoutorado\/SelaccaoMD20201\/Prova_Selecao_Doutorado_UERN2020-1_PDF.pdf\" target=\"_blank\" rel=\"noopener\"><span style=\"font-weight: bolder;\">Prova 2020.1 &#8211; Doutorado<\/span><\/a><\/span><\/li>\n<li><span style=\"color: #1c3f95;\"><a style=\"color: #1c3f95;\" href=\"https:\/\/ppgf.uern.br\/files\/SeleccaoPPGF\/MestradoeDoutorado\/SeleccaoMD20192\/Prova_Selecao_Mestrado_UERN2019-2.pdf\" target=\"_blank\" rel=\"noopener\"><span style=\"font-weight: bolder;\">Prova 2019.2 &#8211; Mestrado<\/span><\/a><\/span><\/li>\n<li><span style=\"color: #1c3f95;\"><a style=\"color: #1c3f95;\" href=\"https:\/\/ppgf.uern.br\/files\/SeleccaoPPGF\/MestradoeDoutorado\/SeleccaoMD20192\/Prova_Selecao_Doutorado_UERN2019-2.pdf\" target=\"_blank\" rel=\"noopener\"><span style=\"font-weight: bolder;\">Prova 2019.2 &#8211; Doutorado<\/span><\/a><\/span><\/li>\n<li><span style=\"color: #1c3f95;\"><a style=\"color: #1c3f95;\" href=\"https:\/\/ppgf.uern.br\/files\/SeleccaoPPGF\/MestradoeDoutorado\/SeleccaoMD20191\/Prova_Selecao_Mestrado_UERN20191.pdf\" target=\"_blank\" rel=\"noopener\"><span style=\"font-weight: bolder;\">Prova 2019.1 &#8211; Mestrado<\/span><\/a><\/span><\/li>\n<li><span style=\"color: #1c3f95;\"><a style=\"color: #1c3f95;\" href=\"https:\/\/ppgf.uern.br\/files\/SeleccaoPPGF\/MestradoeDoutorado\/SeleccaoMD20191\/Prova_Selecao_Doutorado_UERN20191.pdf\" target=\"_blank\" rel=\"noopener\"><span style=\"font-weight: bolder;\">Prova 2019.1 &#8211; Doutorado<\/span><\/a><\/span><\/li>\n<li><span style=\"color: #1c3f95;\"><span style=\"font-weight: bolder;\"><a style=\"color: #1c3f95;\" href=\"https:\/\/ppgf.uern.br\/files\/Editais%20e%20Provas\/Provas\/Prova_Selecao_UERN2018-2f.pdf\" target=\"_blank\" rel=\"noopener\">Prova 2018.2<\/a><\/span><\/span><\/li>\n<li><span style=\"color: #1c3f95;\"><span style=\"font-weight: bolder;\"><a style=\"color: #1c3f95;\" href=\"https:\/\/ppgf.uern.br\/files\/Editais%20e%20Provas\/Provas\/Prova_Selecao_UERN2018-1.pdf\" target=\"_blank\" rel=\"noopener\">Prova 2018.1<\/a><\/span><\/span><\/li>\n<li><span style=\"color: #1c3f95;\"><a style=\"color: #1c3f95; outline: none;\" href=\"https:\/\/ppgf.uern.br\/files\/Prova_Selecao_UERN2017-2.pdf\" target=\"_blank\" rel=\"noopener\"><span style=\"font-weight: bolder;\">Prova 2017.2<\/span><\/a><\/span><\/li>\n<li><span style=\"color: #1c3f95;\"><span style=\"font-weight: bolder;\"><a style=\"color: #1c3f95;\" href=\"https:\/\/ppgf.uern.br\/files\/Editais%20e%20Provas\/Provas\/prova_selecao_uern2016_2.pdf\" target=\"_blank\" rel=\"noopener\">Prova 2017.1<\/a><\/span><\/span><\/li>\n<li><span style=\"color: #1c3f95;\"><a style=\"color: #1c3f95;\" href=\"https:\/\/ppgf.uern.br\/files\/Editais%20e%20Provas\/Provas\/prova_selecao_uern2016_2.pdf\" target=\"_blank\" rel=\"noopener\"><span style=\"font-weight: bolder;\">Prova 2016.2<\/span><\/a><\/span><\/li>\n<li><span style=\"color: #1c3f95;\"><a style=\"color: #1c3f95;\" href=\"https:\/\/ppgf.uern.br\/files\/Editais%20e%20Provas\/Provas\/prova_selecaoppgf_uern2016_1.pdf\" target=\"_blank\" rel=\"noopener\"><span style=\"font-weight: bolder;\">Prova 2016.1<\/span><\/a><\/span><\/li>\n<li><span style=\"color: #1c3f95;\"><a style=\"color: #1c3f95; outline: none;\" href=\"https:\/\/ppgf.uern.br\/files\/Editais%20e%20Provas\/Provas\/prova_selecao_uern2015_2.pdf\" target=\"_blank\" rel=\"noopener\"><span style=\"font-weight: bolder;\">Prova 2015.2<\/span><\/a><\/span><\/li>\n<li><span style=\"color: #1c3f95;\"><a style=\"color: #1c3f95;\" href=\"https:\/\/ppgf.uern.br\/files\/Editais%20e%20Provas\/Provas\/prova_selecao_uern2015_1.pdf\" target=\"_blank\" rel=\"noopener\"><span style=\"font-weight: bolder;\">Prova 2015.1<\/span><\/a><\/span><\/li>\n<li><span style=\"color: #1c3f95;\"><a style=\"color: #1c3f95;\" href=\"https:\/\/ppgf.uern.br\/files\/Editais%20e%20Provas\/Provas\/prova_selecao_uern2014_2.pdf\" target=\"_blank\" rel=\"noopener\"><span style=\"font-weight: bolder;\">Prova 2014.2<\/span><\/a><\/span><\/li>\n<li><span style=\"color: #1c3f95;\"><a style=\"color: #1c3f95;\" href=\"https:\/\/ppgf.uern.br\/files\/Editais%20e%20Provas\/Provas\/prova_selecaoppgf_uern2014_1.pdf\" target=\"_blank\" rel=\"noopener\"><strong>Prova 2014.1<\/strong><\/a><\/span><\/li>\n<\/ul><\/div>\n\t\t\t\t<\/div>\n\t\t\t\t\t\t\t\t<\/div>\n\t\t\t\t\t\t<\/div>\n\t\t\t\t<\/div>\n\t\t\t\t\t<\/div>\n\t\t<\/div>\n\t\t\t\t\t<\/div>\n\t\t<\/section>\n\t\t\t\t<\/div>\n\t\t","protected":false},"excerpt":{"rendered":"<p>Editais e provas de sele\u00e7\u00e3o de discentes do PPGF Disponibilizamos aqui os editais e provas das sele\u00e7\u00f5es anteriores com objetivo de orient\u00e1-lo(a) melhor na sua prepara\u00e7\u00e3o para os pr\u00f3ximos exames de sele\u00e7\u00e3o dos cursos de mestrado (desde 2014) e doutorado (desde 2019). Editais Edital 2025.2 Edital 2025.1 Edital 2024.1 Edital 2023.2 Edital 2023.1 Edital 2022.2 [&hellip;]<\/p>\n","protected":false},"author":3,"featured_media":0,"parent":0,"menu_order":0,"comment_status":"closed","ping_status":"closed","template":"","meta":{"footnotes":""},"class_list":["post-2573","page","type-page","status-publish","hentry"],"_links":{"self":[{"href":"https:\/\/ppgf.uern.br\/index.php?rest_route=\/wp\/v2\/pages\/2573","targetHints":{"allow":["GET"]}}],"collection":[{"href":"https:\/\/ppgf.uern.br\/index.php?rest_route=\/wp\/v2\/pages"}],"about":[{"href":"https:\/\/ppgf.uern.br\/index.php?rest_route=\/wp\/v2\/types\/page"}],"author":[{"embeddable":true,"href":"https:\/\/ppgf.uern.br\/index.php?rest_route=\/wp\/v2\/users\/3"}],"replies":[{"embeddable":true,"href":"https:\/\/ppgf.uern.br\/index.php?rest_route=%2Fwp%2Fv2%2Fcomments&post=2573"}],"version-history":[{"count":103,"href":"https:\/\/ppgf.uern.br\/index.php?rest_route=\/wp\/v2\/pages\/2573\/revisions"}],"predecessor-version":[{"id":5708,"href":"https:\/\/ppgf.uern.br\/index.php?rest_route=\/wp\/v2\/pages\/2573\/revisions\/5708"}],"wp:attachment":[{"href":"https:\/\/ppgf.uern.br\/index.php?rest_route=%2Fwp%2Fv2%2Fmedia&parent=2573"}],"curies":[{"name":"wp","href":"https:\/\/api.w.org\/{rel}","templated":true}]}}