{"id":2519,"date":"2021-01-26T00:43:20","date_gmt":"2021-01-26T00:43:20","guid":{"rendered":"http:\/\/ppgf.42web.io\/?page_id=2519"},"modified":"2021-01-26T00:43:20","modified_gmt":"2021-01-26T00:43:20","slug":"areas-de-concentracao","status":"publish","type":"page","link":"https:\/\/ppgf.uern.br\/?page_id=2519","title":{"rendered":"\u00c1reas de Concentra\u00e7\u00e3o"},"content":{"rendered":"\t\t<div data-elementor-type=\"wp-page\" data-elementor-id=\"2519\" class=\"elementor elementor-2519\" data-elementor-post-type=\"page\">\n\t\t\t\t\t\t<section class=\"elementor-section elementor-top-section elementor-element elementor-element-d7b3e60 elementor-section-boxed elementor-section-height-default elementor-section-height-default\" data-id=\"d7b3e60\" data-element_type=\"section\">\n\t\t\t\t\t\t<div class=\"elementor-container elementor-column-gap-default\">\n\t\t\t\t\t<div class=\"elementor-column elementor-col-100 elementor-top-column elementor-element elementor-element-46c51ea\" data-id=\"46c51ea\" data-element_type=\"column\">\n\t\t\t<div class=\"elementor-widget-wrap elementor-element-populated\">\n\t\t\t\t\t\t<div class=\"elementor-element elementor-element-3fb6df5 elementor-widget elementor-widget-text-editor\" data-id=\"3fb6df5\" data-element_type=\"widget\" data-widget_type=\"text-editor.default\">\n\t\t\t\t<div class=\"elementor-widget-container\">\n\t\t\t\t\t\t\t\t\t<p><h3>F\u00edsica da Mat\u00e9ria Condensada<\/h3>Estudo das propriedades magn\u00e9ticas, \u00f3pticas e termodin\u00e2micas de sistemas f\u00edsicos da mat\u00e9ria condensada utilizando procedimentos te\u00f3ricos e experimentais, tais como: teoria fundamental, modelagem, simula\u00e7\u00e3o num\u00e9rica, crescimento de filmes, prepara\u00e7\u00e3o de amostras, medidas magn\u00e9ticas, \u00f3pticas e de transporte.<\/p>\n<p><h3>Astrof\u00edsica e Cosmologia<\/h3>Estudo da rota\u00e7\u00e3o em diferentes est\u00e1gios da evolu\u00e7\u00e3o das estrelas, evolu\u00e7\u00e3o do momentum angular, correla\u00e7\u00f5es entre rota\u00e7\u00e3o e par\u00e2metros observacionais, rela\u00e7\u00e3o entre rota\u00e7\u00e3o e nucleoss\u00edntese, processos de dilui\u00e7\u00e3o e mistura em estrelas simples e sistemas m\u00faltiplos. Estudos do processo evolutivo do Universo, desenvolvimento de modelos te\u00f3ricos, testes de modelos e t\u00e9cnicas estat\u00edsticas, an\u00e1lises num\u00e9rica e observacional para aprimorar os conhecimentos sobre origem, din\u00e2mica e destino do cosmo.<\/p>\t\t\t\t\t\t\t\t<\/div>\n\t\t\t\t<\/div>\n\t\t\t\t\t<\/div>\n\t\t<\/div>\n\t\t\t\t\t<\/div>\n\t\t<\/section>\n\t\t\t\t<\/div>\n\t\t","protected":false},"excerpt":{"rendered":"<p>F\u00edsica da Mat\u00e9ria Condensada Estudo das propriedades magn\u00e9ticas, \u00f3pticas e termodin\u00e2micas de sistemas f\u00edsicos da mat\u00e9ria condensada utilizando procedimentos te\u00f3ricos e experimentais, tais como: teoria fundamental, modelagem, simula\u00e7\u00e3o num\u00e9rica, crescimento de filmes, prepara\u00e7\u00e3o de amostras, medidas magn\u00e9ticas, \u00f3pticas e de transporte. Astrof\u00edsica e Cosmologia Estudo da rota\u00e7\u00e3o em diferentes est\u00e1gios da evolu\u00e7\u00e3o das estrelas, evolu\u00e7\u00e3o [&hellip;]<\/p>\n","protected":false},"author":3,"featured_media":0,"parent":0,"menu_order":0,"comment_status":"closed","ping_status":"closed","template":"","meta":{"footnotes":""},"class_list":["post-2519","page","type-page","status-publish","hentry"],"_links":{"self":[{"href":"https:\/\/ppgf.uern.br\/index.php?rest_route=\/wp\/v2\/pages\/2519","targetHints":{"allow":["GET"]}}],"collection":[{"href":"https:\/\/ppgf.uern.br\/index.php?rest_route=\/wp\/v2\/pages"}],"about":[{"href":"https:\/\/ppgf.uern.br\/index.php?rest_route=\/wp\/v2\/types\/page"}],"author":[{"embeddable":true,"href":"https:\/\/ppgf.uern.br\/index.php?rest_route=\/wp\/v2\/users\/3"}],"replies":[{"embeddable":true,"href":"https:\/\/ppgf.uern.br\/index.php?rest_route=%2Fwp%2Fv2%2Fcomments&post=2519"}],"version-history":[{"count":0,"href":"https:\/\/ppgf.uern.br\/index.php?rest_route=\/wp\/v2\/pages\/2519\/revisions"}],"wp:attachment":[{"href":"https:\/\/ppgf.uern.br\/index.php?rest_route=%2Fwp%2Fv2%2Fmedia&parent=2519"}],"curies":[{"name":"wp","href":"https:\/\/api.w.org\/{rel}","templated":true}]}}