{"id":2513,"date":"2021-01-26T00:42:45","date_gmt":"2021-01-26T00:42:45","guid":{"rendered":"http:\/\/ppgf.42web.io\/?page_id=2513"},"modified":"2026-03-23T08:45:54","modified_gmt":"2026-03-23T11:45:54","slug":"linhas-de-pesquisa","status":"publish","type":"page","link":"https:\/\/ppgf.uern.br\/?page_id=2513","title":{"rendered":"Linhas de Pesquisa"},"content":{"rendered":"\t\t<div data-elementor-type=\"wp-page\" data-elementor-id=\"2513\" class=\"elementor elementor-2513\" data-elementor-post-type=\"page\">\n\t\t\t\t\t\t<section class=\"elementor-section elementor-top-section elementor-element elementor-element-4c6c1c2 elementor-section-boxed elementor-section-height-default elementor-section-height-default\" data-id=\"4c6c1c2\" data-element_type=\"section\">\n\t\t\t\t\t\t<div class=\"elementor-container elementor-column-gap-default\">\n\t\t\t\t\t<div class=\"elementor-column elementor-col-100 elementor-top-column elementor-element elementor-element-3c08c91\" data-id=\"3c08c91\" data-element_type=\"column\">\n\t\t\t<div class=\"elementor-widget-wrap elementor-element-populated\">\n\t\t\t\t\t\t<div class=\"elementor-element elementor-element-d0bfdd4 elementor-widget elementor-widget-text-editor\" data-id=\"d0bfdd4\" data-element_type=\"widget\" data-widget_type=\"text-editor.default\">\n\t\t\t\t<div class=\"elementor-widget-container\">\n\t\t\t\t\t\t\t\t\t<h3>Materiais Magn\u00e9ticos e Propriedades Magn\u00e9ticas<\/h3><p>Modelagem de sistemas magn\u00e9ticos artificiais, tais como part\u00edculas superparamagn\u00e9ticas, dots nanom\u00e9tricos, filmes e multicamadas magn\u00e9ticas de metais de transi\u00e7\u00e3o e terras raras. S\u00edntese e caracteriza\u00e7\u00e3o das propriedades estruturais, magn\u00e9ticas e de transporte eletr\u00f4nico em materiais volumosos, filmes finos e sistemas granulares.<\/p><p><strong>Pesquisadores:<\/strong><\/p><p>Profa. Dra. Ana L\u00facia Dantas<br \/>Prof. Dr. Jo\u00e3o Maria Soares<br \/>Prof. Dr. Vamberto Dias de Mello<br \/>Prof. Dr. Dory H\u00e9lio Aires de Lima Anselmo<br \/>Prof. Dr. Felipe Bohn<br \/>Prof. Dr. Jos\u00e9 Marcos Sasaki<br \/>Prof. Dr. Leonardo Linhares Oliveira<br \/>Prof. Dr. Rodolfo Bezerra da Silva<\/p><p><span style=\"color: #202b5d; font-family: Cabin; font-size: 1.4375rem; font-weight: 600; letter-spacing: 0px;\">F\u00edsica Estat\u00edstica e Teoria Cin\u00e9tica<\/span><\/p><p>Estudo das propriedades termodin\u00e2micas e magn\u00e9ticas de sistemas f\u00edsicos. Aplica\u00e7\u00e3o da Mec\u00e2nica Estat\u00edstica, ensemble estat\u00edstico, suas generaliza\u00e7\u00f5es, extensiva ou n\u00e3o-extensiva na F\u00edsica e na Astrof\u00edsica. Estuda tamb\u00e9m os fundamentos da teoria cin\u00e9tica cl\u00e1ssica e relativ\u00edstica com aplica\u00e7\u00f5es em diversos sistemas f\u00edsicos. Utiliza a simula\u00e7\u00e3o computacional em pesquisas sobre transi\u00e7\u00f5es de fase e fen\u00f4menos cr\u00edticos.<\/p><p><b>Pesquisadores: <\/b><\/p><p>Prof. Dr. Dory H\u00e9lio Aires de Lima Anselmo<br \/>Prof. Dr. Idalmir de Souza Queiroz J\u00fanior<br \/>Prof. Dr. F\u00e1bio Cabral Carvalho<br \/>Prof. Dr. Jos\u00e9 Ronaldo Pereira da Silva<\/p><p><br \/><span style=\"color: #202b5d; font-family: Cabin; font-size: 1.4375rem; font-weight: 600; letter-spacing: 0px;\">Materiais Diel\u00e9tricos e Semicondutores<\/span><\/p><p>Estudos sobre as propriedades \u00f3pticas de materiais na faixa do infravermelho distante por meio de medidas dos espectros de f\u00f4nons e pl\u00e1smons.<\/p><p><b>Pesquisadores:<\/b><\/p><p>Prof. PhD. Thomas Dumelow<\/p><p><span style=\"color: #202b5d; font-family: Cabin; font-size: 1.4375rem; font-weight: 600; letter-spacing: 0px;\">Astrof\u00edsica estelar<\/span><\/p><p>Estudo da evolu\u00e7\u00e3o do momentum angular estelar, processos de dilui\u00e7\u00e3o e mistura de elementos qu\u00edmicos nas estrelas, nucleoss\u00edntese estelar e exoplanetologia. Estudo das distribui\u00e7\u00f5es estat\u00edsticas da rota\u00e7\u00e3o estelar. Caracteriza\u00e7\u00e3o de estrelas e determina\u00e7\u00e3o par\u00e2metros atmosf\u00e9ricos por s\u00edntese espectral.<\/p><p><b>Pesquisadores:<\/b><\/p><p>Prof. Dr. Br\u00e1ulio Batista Soares<br \/>Prof. Dr. Leonardo Andrade de Almeida<br \/>Prof. Dr. Mackson Matheus Fran\u00e7a Nepomuceno<br \/>Prof. Dr. Jos\u00e9 Ronaldo Pereira da Silva<\/p><p><span style=\"color: #202b5d; font-family: Cabin; font-size: 1.4375rem; font-weight: 600; letter-spacing: 0px;\">Cosmologia e Gravita\u00e7\u00e3o<\/span><\/p><p>Estudo de problemas fundamentais de Gravita\u00e7\u00e3o e Cosmologia Cl\u00e1ssica e Qu\u00e2ntica. Cosmologia anal\u00edtica, num\u00e9rica e observacional. Pesquisa o universo primordial, mat\u00e9ria escura, acelera\u00e7\u00e3o c\u00f3smica recente, radia\u00e7\u00e3o c\u00f3smica de fundo em micro-ondas, par\u00e2metros cosmol\u00f3gicos, infla\u00e7\u00e3o cosmol\u00f3gica, modelos anisotr\u00f3picos, teorias modificadas de gravidade e suas implica\u00e7\u00f5es em cosmologia. Estudo dos efeitos cl\u00e1ssicos e qu\u00e2nticos sobre a din\u00e2mica do Universo em larga escala.<\/p><p><b>Pesquisadores:<\/b><\/p><p>Profa. Dra. Maria Aldin\u00eaz Dantas<br \/>Prof. Dr. Ed\u00e9sio Miguel Barboza J\u00fanior<br \/>Prof. Dr. F\u00e1bio Cabral Carvalho<br \/><br \/><\/p><h3>Propriedades \u00f3pticas, magneto \u00f3pticas, fotocatal\u00edticas e multiferr\u00f3icas<\/h3><p>S\u00edntese de materiais por processos qu\u00edmicos e rea\u00e7\u00f5es de estado s\u00f3lido Estudo de propriedades multiferroicas, tais como o acoplamento magnetoel\u00e9trico e magnetoel\u00e1stico. Pesquisa de materiais do tipo perovskitas, dupla perovskitas, al\u00e9m de manganitas e silenitas, que podem apresentar mais de uma propriedade ferr\u00f3ica ao mesmo tempo, tais como, a ferroeletricidade, o ferro\/antiferromagnetismo e\/ou a ferroelasticidade. An\u00e1lises magn\u00e9ticas e estudo desses materiais feitos atrav\u00e9s das propriedades el\u00e9tricas usando medidas de ciclos P-E (histerese) e teste \u201cpositive-up-negative-down\u201d (PUND).<\/p><p><b>Pesquisadores:<\/b><\/p><p>Prof. PhD. Thomas Dumelow<\/p>\t\t\t\t\t\t\t\t<\/div>\n\t\t\t\t<\/div>\n\t\t\t\t\t<\/div>\n\t\t<\/div>\n\t\t\t\t\t<\/div>\n\t\t<\/section>\n\t\t\t\t<\/div>\n\t\t","protected":false},"excerpt":{"rendered":"<p>Materiais Magn\u00e9ticos e Propriedades Magn\u00e9ticas Modelagem de sistemas magn\u00e9ticos artificiais, tais como part\u00edculas superparamagn\u00e9ticas, dots nanom\u00e9tricos, filmes e multicamadas magn\u00e9ticas de metais de transi\u00e7\u00e3o e terras raras. S\u00edntese e caracteriza\u00e7\u00e3o das propriedades estruturais, magn\u00e9ticas e de transporte eletr\u00f4nico em materiais volumosos, filmes finos e sistemas granulares. Pesquisadores: Profa. Dra. Ana L\u00facia DantasProf. Dr. Jo\u00e3o Maria [&hellip;]<\/p>\n","protected":false},"author":3,"featured_media":0,"parent":0,"menu_order":0,"comment_status":"closed","ping_status":"closed","template":"","meta":{"footnotes":""},"class_list":["post-2513","page","type-page","status-publish","hentry"],"_links":{"self":[{"href":"https:\/\/ppgf.uern.br\/index.php?rest_route=\/wp\/v2\/pages\/2513","targetHints":{"allow":["GET"]}}],"collection":[{"href":"https:\/\/ppgf.uern.br\/index.php?rest_route=\/wp\/v2\/pages"}],"about":[{"href":"https:\/\/ppgf.uern.br\/index.php?rest_route=\/wp\/v2\/types\/page"}],"author":[{"embeddable":true,"href":"https:\/\/ppgf.uern.br\/index.php?rest_route=\/wp\/v2\/users\/3"}],"replies":[{"embeddable":true,"href":"https:\/\/ppgf.uern.br\/index.php?rest_route=%2Fwp%2Fv2%2Fcomments&post=2513"}],"version-history":[{"count":30,"href":"https:\/\/ppgf.uern.br\/index.php?rest_route=\/wp\/v2\/pages\/2513\/revisions"}],"predecessor-version":[{"id":5892,"href":"https:\/\/ppgf.uern.br\/index.php?rest_route=\/wp\/v2\/pages\/2513\/revisions\/5892"}],"wp:attachment":[{"href":"https:\/\/ppgf.uern.br\/index.php?rest_route=%2Fwp%2Fv2%2Fmedia&parent=2513"}],"curies":[{"name":"wp","href":"https:\/\/api.w.org\/{rel}","templated":true}]}}