{"id":189,"date":"2021-01-17T17:42:05","date_gmt":"2021-01-17T17:42:05","guid":{"rendered":"http:\/\/ppgf.42web.io\/?page_id=189"},"modified":"2023-04-10T17:32:35","modified_gmt":"2023-04-10T20:32:35","slug":"contato","status":"publish","type":"page","link":"https:\/\/ppgf.uern.br\/?page_id=189","title":{"rendered":"Contato"},"content":{"rendered":"\t\t<div data-elementor-type=\"wp-page\" data-elementor-id=\"189\" class=\"elementor elementor-189\" data-elementor-post-type=\"page\">\n\t\t\t\t\t\t<section class=\"elementor-section elementor-top-section elementor-element elementor-element-4dc664a elementor-section-boxed elementor-section-height-default elementor-section-height-default\" data-id=\"4dc664a\" data-element_type=\"section\" data-settings=\"{&quot;shape_divider_bottom&quot;:&quot;pyramids&quot;}\">\n\t\t\t\t\t<div class=\"elementor-shape elementor-shape-bottom\" aria-hidden=\"true\" data-negative=\"false\">\n\t\t\t<svg xmlns=\"http:\/\/www.w3.org\/2000\/svg\" viewBox=\"0 0 1000 100\" preserveAspectRatio=\"none\">\n\t<path class=\"elementor-shape-fill\" d=\"M761.9,44.1L643.1,27.2L333.8,98L0,3.8V0l1000,0v3.9\"\/>\n<\/svg>\t\t<\/div>\n\t\t\t\t\t<div class=\"elementor-container elementor-column-gap-default\">\n\t\t\t\t\t<div class=\"elementor-column elementor-col-100 elementor-top-column elementor-element elementor-element-4851fd2\" data-id=\"4851fd2\" data-element_type=\"column\">\n\t\t\t<div class=\"elementor-widget-wrap elementor-element-populated\">\n\t\t\t\t\t\t<div class=\"elementor-element elementor-element-56c58ff elementor-widget elementor-widget-text-editor\" data-id=\"56c58ff\" data-element_type=\"widget\" data-widget_type=\"text-editor.default\">\n\t\t\t\t<div class=\"elementor-widget-container\">\n\t\t\t\t\t\t\t\t\t<p style=\"text-align: left;\"><b>Telefone:<\/b> (84) 3315-2240<br \/><b>E-mail:<\/b> ppg.fisica@uern.br<\/p><p><strong>Endere\u00e7o:<\/strong><br \/>Programa de P\u00f3s-Gradua\u00e7\u00e3o em F\u00edsica<br \/>Faculdade de Ci\u00eancias Exatas e Naturais<br \/>Campus Universit\u00e1rio Central da UERN<br \/>R. Prof. Antonio Campos, S\/N<br \/>Mossor\u00f3-RN. CEP 59625-620<\/p>\t\t\t\t\t\t\t\t<\/div>\n\t\t\t\t<\/div>\n\t\t\t\t\t<\/div>\n\t\t<\/div>\n\t\t\t\t\t<\/div>\n\t\t<\/section>\n\t\t\t\t<section class=\"elementor-section elementor-top-section elementor-element elementor-element-ea2ffd2 elementor-section-boxed elementor-section-height-default elementor-section-height-default\" data-id=\"ea2ffd2\" data-element_type=\"section\">\n\t\t\t\t\t\t<div class=\"elementor-container elementor-column-gap-default\">\n\t\t\t\t\t<div class=\"elementor-column elementor-col-100 elementor-top-column elementor-element elementor-element-b68bb09\" data-id=\"b68bb09\" data-element_type=\"column\">\n\t\t\t<div class=\"elementor-widget-wrap elementor-element-populated\">\n\t\t\t\t\t\t<div class=\"elementor-element elementor-element-9b12bec elementor-widget elementor-widget-global elementor-global-3949 elementor-widget-google_maps\" data-id=\"9b12bec\" data-element_type=\"widget\" data-widget_type=\"google_maps.default\">\n\t\t\t\t<div class=\"elementor-widget-container\">\n\t\t\t\t\t\t\t<div class=\"elementor-custom-embed\">\n\t\t\t<iframe loading=\"lazy\"\n\t\t\t\t\tsrc=\"https:\/\/maps.google.com\/maps?q=UERN%20-%20Campus%20Universit%C3%A1rio%20Central%20-%20Avenida%20Professor%20Ant%C3%B4nio%20Campos%20-%20Presidente%20Costa%20e%20Silva%2C%20Mossor%C3%B3%20-%20RN&#038;t=m&#038;z=15&#038;output=embed&#038;iwloc=near\"\n\t\t\t\t\ttitle=\"UERN - Campus Universit\u00e1rio Central - Avenida Professor Ant\u00f4nio Campos - Presidente Costa e Silva, Mossor\u00f3 - RN\"\n\t\t\t\t\taria-label=\"UERN - Campus Universit\u00e1rio Central - Avenida Professor Ant\u00f4nio Campos - Presidente Costa e Silva, Mossor\u00f3 - RN\"\n\t\t\t><\/iframe>\n\t\t<\/div>\n\t\t\t\t\t\t<\/div>\n\t\t\t\t<\/div>\n\t\t\t\t\t<\/div>\n\t\t<\/div>\n\t\t\t\t\t<\/div>\n\t\t<\/section>\n\t\t\t\t<\/div>\n\t\t","protected":false},"excerpt":{"rendered":"<p>Telefone: (84) 3315-2240E-mail: ppg.fisica@uern.br Endere\u00e7o:Programa de P\u00f3s-Gradua\u00e7\u00e3o em F\u00edsicaFaculdade de Ci\u00eancias Exatas e NaturaisCampus Universit\u00e1rio Central da UERNR. Prof. Antonio Campos, S\/NMossor\u00f3-RN. CEP 59625-620<\/p>\n","protected":false},"author":3,"featured_media":0,"parent":0,"menu_order":0,"comment_status":"closed","ping_status":"closed","template":"","meta":{"footnotes":""},"class_list":["post-189","page","type-page","status-publish","hentry"],"_links":{"self":[{"href":"https:\/\/ppgf.uern.br\/index.php?rest_route=\/wp\/v2\/pages\/189","targetHints":{"allow":["GET"]}}],"collection":[{"href":"https:\/\/ppgf.uern.br\/index.php?rest_route=\/wp\/v2\/pages"}],"about":[{"href":"https:\/\/ppgf.uern.br\/index.php?rest_route=\/wp\/v2\/types\/page"}],"author":[{"embeddable":true,"href":"https:\/\/ppgf.uern.br\/index.php?rest_route=\/wp\/v2\/users\/3"}],"replies":[{"embeddable":true,"href":"https:\/\/ppgf.uern.br\/index.php?rest_route=%2Fwp%2Fv2%2Fcomments&post=189"}],"version-history":[{"count":18,"href":"https:\/\/ppgf.uern.br\/index.php?rest_route=\/wp\/v2\/pages\/189\/revisions"}],"predecessor-version":[{"id":4513,"href":"https:\/\/ppgf.uern.br\/index.php?rest_route=\/wp\/v2\/pages\/189\/revisions\/4513"}],"wp:attachment":[{"href":"https:\/\/ppgf.uern.br\/index.php?rest_route=%2Fwp%2Fv2%2Fmedia&parent=189"}],"curies":[{"name":"wp","href":"https:\/\/api.w.org\/{rel}","templated":true}]}}