{"id":158,"date":"2021-01-16T19:37:59","date_gmt":"2021-01-16T19:37:59","guid":{"rendered":"http:\/\/ppgf.42web.io\/?page_id=158"},"modified":"2026-03-06T12:18:30","modified_gmt":"2026-03-06T15:18:30","slug":"legislacao","status":"publish","type":"page","link":"https:\/\/ppgf.uern.br\/?page_id=158","title":{"rendered":"Legisla\u00e7\u00e3o"},"content":{"rendered":"\t\t<div data-elementor-type=\"wp-page\" data-elementor-id=\"158\" class=\"elementor elementor-158\" data-elementor-post-type=\"page\">\n\t\t\t\t\t\t<section class=\"elementor-section elementor-top-section elementor-element elementor-element-25a767d elementor-section-boxed elementor-section-height-default elementor-section-height-default\" data-id=\"25a767d\" data-element_type=\"section\">\n\t\t\t\t\t\t<div class=\"elementor-container elementor-column-gap-default\">\n\t\t\t\t\t<div class=\"elementor-column elementor-col-100 elementor-top-column elementor-element elementor-element-6c9bcbe\" data-id=\"6c9bcbe\" data-element_type=\"column\">\n\t\t\t<div class=\"elementor-widget-wrap elementor-element-populated\">\n\t\t\t\t\t\t<div class=\"elementor-element elementor-element-d2447b3 elementor-widget elementor-widget-text-editor\" data-id=\"d2447b3\" data-element_type=\"widget\" data-widget_type=\"text-editor.default\">\n\t\t\t\t<div class=\"elementor-widget-container\">\n\t\t\t\t\t\t\t\t\t<h6><strong>REGIMENTO INTERNO<\/strong><\/h6><ul><li><a href=\"https:\/\/drive.google.com\/file\/d\/1w05a5DuZKaG_ldmIYcOtOeExpGdeYALA\/view?usp=sharing\" target=\"_blank\" rel=\"noopener\"><span style=\"color: #0048ab;\">Regimento do PPGF\/UERN<\/span><\/a><\/li><\/ul><h6><strong>REGULAMENTO GERAL DOS PPGs DA UERN<\/strong><\/h6><ul><li><a href=\"https:\/\/drive.google.com\/file\/d\/1mLdxcdf0sTx-BT2jq82NN2qQsYYCxiZR\/view?usp=sharing\" target=\"_blank\" rel=\"noopener\"><span style=\"color: #0048ab;\">Regulamento Geral dos Cursos de P\u00f3s-gradua\u00e7\u00f5es Stricto Sensu da UERN<\/span><\/a><\/li><\/ul><h6><strong>INSTRU\u00c7\u00d5ES NORMATIVAS<\/strong><\/h6><ul><li><a href=\"https:\/\/drive.google.com\/file\/d\/11huKgYLcfYL1lGfdsOeaPoG6I56LZhyi\/view?usp=sharing\" target=\"_blank\" rel=\"noopener\">Instru\u00e7\u00e3o Normativa n.o 01\/2023\u00a0 \u2014 PPGF\/UERN: regulamenta a distribui\u00e7\u00e3o de bolsas DS concedidas pela CAPES e o ac\u00famulo com atividade remunerada ou outros rendimentos no \u00e2mbito do PPGF\/UERN.\u00a0<\/a><\/li><li><a href=\"https:\/\/drive.google.com\/file\/d\/1LJ0klQZHMOrjapyqVDzQjVSYVh2HWhmp\/view?usp=sharing\" target=\"_blank\" rel=\"noopener\">Instru\u00e7\u00e3o Normativa N\u00ba 01\/2022 \u2014 PPGF\/Uern: Regulamenta o n\u00famero de orienta\u00e7\u00f5es simult\u00e2neas por docente no Programa de P\u00f3s-Gradua\u00e7\u00e3o em F\u00edsica da UERN.<\/a><\/li><li><a href=\"https:\/\/drive.google.com\/file\/d\/1Y_iGVcRdYrATw4qm9ElupIlbWYz2UBPx\/view?usp=sharing\" target=\"_blank\" rel=\"noopener\">Instru\u00e7\u00e3o Normativa N\u00ba 02\/2022 \u2014 PPGF\/Uern: Regulamenta o credenciamento e recredenciamento de Docentes no Programa de P\u00f3s-Gradua\u00e7\u00e3o em F\u00edsica da UERN.<\/a><\/li><li><a href=\"https:\/\/drive.google.com\/file\/d\/1UvtipBovrMYwxq6Sz71bqZuJoEF2Nx3d\/view?usp=sharing\" target=\"_blank\" rel=\"noopener\">Instru\u00e7\u00e3o Normativa N\u00ba 01\/2021 \u2014 PPGF\/Uern: Disp\u00f5e sobre as normas do Exame de Qualifica\u00e7\u00e3o no Curso de Doutorado do Programa de P\u00f3s-Gradua\u00e7\u00e3o em F\u00edsica da UERN.<\/a><ul><li><a href=\"https:\/\/ppgf.uern.br\/wp-content\/uploads\/2021\/08\/PPGF_Ficha_de_inscricao_de_projeto_de_tese_de_doutorado.pdf\" target=\"_blank\" rel=\"noopener\">Formul\u00e1rio de Inscri\u00e7\u00e3o<\/a><\/li><li><a href=\"https:\/\/ppgf.uern.br\/wp-content\/uploads\/2021\/08\/Modelo-de-relatorio-para-exame-de-qualificacao.pdf\" target=\"_blank\" rel=\"noopener\">Modelo Padr\u00e3o do Relat\u00f3rio Parcial<\/a><\/li><\/ul><\/li><\/ul>\t\t\t\t\t\t\t\t<\/div>\n\t\t\t\t<\/div>\n\t\t\t\t\t<\/div>\n\t\t<\/div>\n\t\t\t\t\t<\/div>\n\t\t<\/section>\n\t\t\t\t<\/div>\n\t\t","protected":false},"excerpt":{"rendered":"<p>REGIMENTO INTERNO Regimento do PPGF\/UERN REGULAMENTO GERAL DOS PPGs DA UERN Regulamento Geral dos Cursos de P\u00f3s-gradua\u00e7\u00f5es Stricto Sensu da UERN INSTRU\u00c7\u00d5ES NORMATIVAS Instru\u00e7\u00e3o Normativa n.o 01\/2023\u00a0 \u2014 PPGF\/UERN: regulamenta a distribui\u00e7\u00e3o de bolsas DS concedidas pela CAPES e o ac\u00famulo com atividade remunerada ou outros rendimentos no \u00e2mbito do PPGF\/UERN.\u00a0 Instru\u00e7\u00e3o Normativa N\u00ba 01\/2022 [&hellip;]<\/p>\n","protected":false},"author":3,"featured_media":0,"parent":0,"menu_order":0,"comment_status":"closed","ping_status":"closed","template":"","meta":{"footnotes":""},"class_list":["post-158","page","type-page","status-publish","hentry"],"_links":{"self":[{"href":"https:\/\/ppgf.uern.br\/index.php?rest_route=\/wp\/v2\/pages\/158","targetHints":{"allow":["GET"]}}],"collection":[{"href":"https:\/\/ppgf.uern.br\/index.php?rest_route=\/wp\/v2\/pages"}],"about":[{"href":"https:\/\/ppgf.uern.br\/index.php?rest_route=\/wp\/v2\/types\/page"}],"author":[{"embeddable":true,"href":"https:\/\/ppgf.uern.br\/index.php?rest_route=\/wp\/v2\/users\/3"}],"replies":[{"embeddable":true,"href":"https:\/\/ppgf.uern.br\/index.php?rest_route=%2Fwp%2Fv2%2Fcomments&post=158"}],"version-history":[{"count":48,"href":"https:\/\/ppgf.uern.br\/index.php?rest_route=\/wp\/v2\/pages\/158\/revisions"}],"predecessor-version":[{"id":5875,"href":"https:\/\/ppgf.uern.br\/index.php?rest_route=\/wp\/v2\/pages\/158\/revisions\/5875"}],"wp:attachment":[{"href":"https:\/\/ppgf.uern.br\/index.php?rest_route=%2Fwp%2Fv2%2Fmedia&parent=158"}],"curies":[{"name":"wp","href":"https:\/\/api.w.org\/{rel}","templated":true}]}}