{"id":156,"date":"2021-01-16T19:37:44","date_gmt":"2021-01-16T19:37:44","guid":{"rendered":"http:\/\/ppgf.42web.io\/?page_id=156"},"modified":"2021-01-16T19:37:44","modified_gmt":"2021-01-16T19:37:44","slug":"convenios-e-parcerias","status":"publish","type":"page","link":"https:\/\/ppgf.uern.br\/?page_id=156","title":{"rendered":"Conv\u00eanios e Parcerias"},"content":{"rendered":"\t\t<div data-elementor-type=\"wp-page\" data-elementor-id=\"156\" class=\"elementor elementor-156\" data-elementor-post-type=\"page\">\n\t\t\t\t\t\t<section class=\"elementor-section elementor-top-section elementor-element elementor-element-7a2502a elementor-section-boxed elementor-section-height-default elementor-section-height-default\" data-id=\"7a2502a\" data-element_type=\"section\">\n\t\t\t\t\t\t<div class=\"elementor-container elementor-column-gap-default\">\n\t\t\t\t\t<div class=\"elementor-column elementor-col-100 elementor-top-column elementor-element elementor-element-6036120\" data-id=\"6036120\" data-element_type=\"column\">\n\t\t\t<div class=\"elementor-widget-wrap elementor-element-populated\">\n\t\t\t\t\t\t<div class=\"elementor-element elementor-element-a6a2615 elementor-widget elementor-widget-text-editor\" data-id=\"a6a2615\" data-element_type=\"widget\" data-widget_type=\"text-editor.default\">\n\t\t\t\t<div class=\"elementor-widget-container\">\n\t\t\t\t\t\t\t\t\t<p>Os pesquisadores e alunos do Programa podem desenvolver atividades em institui\u00e7\u00f5es parceiras. Atualmente o PPGF mant\u00e9m parceria ou colabora\u00e7\u00e3o com grupos de pesquisa em F\u00edsica das seguintes institui\u00e7\u00f5es:<\/p>\n<p><ul><li>Universidade Federal Rural do Semi \u00c1rido<\/li><li>Universidade Federal do Rio Grande do Norte &#8211; UFRN<\/li><li>Universidade Federal do Cear\u00e1 &#8211; UFC<\/li><li>Universidade Federal de Campina Grande &#8211; UFRCG<\/li><li>Universidade Federal de Pernambuco &#8211; UFPE<\/li><li>Centro Brasileiro de Pesquisas F\u00edsicas &#8211; CBPF<\/li><li>Observat\u00f3rio Nacional &#8211; ON<\/li><li>Universidade de S\u00e3o Paulo<\/li><li>Universidade Federal Fluminense &#8211; UFF<\/li><li>Universidade do Minho<\/li><li>University of Glasgow<\/li><li>Lomonosov Moscow State University<\/li><\/ul><\/p>\t\t\t\t\t\t\t\t<\/div>\n\t\t\t\t<\/div>\n\t\t\t\t\t<\/div>\n\t\t<\/div>\n\t\t\t\t\t<\/div>\n\t\t<\/section>\n\t\t\t\t<\/div>\n\t\t","protected":false},"excerpt":{"rendered":"<p>Os pesquisadores e alunos do Programa podem desenvolver atividades em institui\u00e7\u00f5es parceiras. Atualmente o PPGF mant\u00e9m parceria ou colabora\u00e7\u00e3o com grupos de pesquisa em F\u00edsica das seguintes institui\u00e7\u00f5es: Universidade Federal Rural do Semi \u00c1rido Universidade Federal do Rio Grande do Norte &#8211; UFRN Universidade Federal do Cear\u00e1 &#8211; UFC Universidade Federal de Campina Grande &#8211; [&hellip;]<\/p>\n","protected":false},"author":3,"featured_media":0,"parent":0,"menu_order":0,"comment_status":"closed","ping_status":"closed","template":"","meta":{"footnotes":""},"class_list":["post-156","page","type-page","status-publish","hentry"],"_links":{"self":[{"href":"https:\/\/ppgf.uern.br\/index.php?rest_route=\/wp\/v2\/pages\/156","targetHints":{"allow":["GET"]}}],"collection":[{"href":"https:\/\/ppgf.uern.br\/index.php?rest_route=\/wp\/v2\/pages"}],"about":[{"href":"https:\/\/ppgf.uern.br\/index.php?rest_route=\/wp\/v2\/types\/page"}],"author":[{"embeddable":true,"href":"https:\/\/ppgf.uern.br\/index.php?rest_route=\/wp\/v2\/users\/3"}],"replies":[{"embeddable":true,"href":"https:\/\/ppgf.uern.br\/index.php?rest_route=%2Fwp%2Fv2%2Fcomments&post=156"}],"version-history":[{"count":0,"href":"https:\/\/ppgf.uern.br\/index.php?rest_route=\/wp\/v2\/pages\/156\/revisions"}],"wp:attachment":[{"href":"https:\/\/ppgf.uern.br\/index.php?rest_route=%2Fwp%2Fv2%2Fmedia&parent=156"}],"curies":[{"name":"wp","href":"https:\/\/api.w.org\/{rel}","templated":true}]}}