{"id":151,"date":"2021-01-16T19:37:19","date_gmt":"2021-01-16T19:37:19","guid":{"rendered":"http:\/\/ppgf.42web.io\/?page_id=151"},"modified":"2026-03-10T11:49:36","modified_gmt":"2026-03-10T14:49:36","slug":"requerimentos","status":"publish","type":"page","link":"https:\/\/ppgf.uern.br\/?page_id=151","title":{"rendered":"Requerimentos"},"content":{"rendered":"\t\t<div data-elementor-type=\"wp-page\" data-elementor-id=\"151\" class=\"elementor elementor-151\" data-elementor-post-type=\"page\">\n\t\t\t\t\t\t<section class=\"elementor-section elementor-top-section elementor-element elementor-element-818b7f9 elementor-section-boxed elementor-section-height-default elementor-section-height-default\" data-id=\"818b7f9\" data-element_type=\"section\">\n\t\t\t\t\t\t<div class=\"elementor-container elementor-column-gap-default\">\n\t\t\t\t\t<div class=\"elementor-column elementor-col-100 elementor-top-column elementor-element elementor-element-0097fea\" data-id=\"0097fea\" data-element_type=\"column\">\n\t\t\t<div class=\"elementor-widget-wrap elementor-element-populated\">\n\t\t\t\t\t\t<div class=\"elementor-element elementor-element-0c48ff1 elementor-widget elementor-widget-text-editor\" data-id=\"0c48ff1\" data-element_type=\"widget\" data-widget_type=\"text-editor.default\">\n\t\t\t\t<div class=\"elementor-widget-container\">\n\t\t\t\t\t\t\t\t\t<p><strong>Aten\u00e7\u00e3o:<\/strong> voc\u00ea n\u00e3o poder\u00e1 editar esses arquivos diretamente no site. Para edit\u00e1-los, <strong>baixe o arquivo para o seu computador<\/strong> no formato desejado.<\/p>\t\t\t\t\t\t\t\t<\/div>\n\t\t\t\t<\/div>\n\t\t\t\t\t<\/div>\n\t\t<\/div>\n\t\t\t\t\t<\/div>\n\t\t<\/section>\n\t\t\t\t<section class=\"elementor-section elementor-top-section elementor-element elementor-element-222f2b3 elementor-section-boxed elementor-section-height-default elementor-section-height-default\" data-id=\"222f2b3\" data-element_type=\"section\">\n\t\t\t\t\t\t<div class=\"elementor-container elementor-column-gap-default\">\n\t\t\t\t\t<div class=\"elementor-column elementor-col-100 elementor-top-column elementor-element elementor-element-070169a\" data-id=\"070169a\" data-element_type=\"column\">\n\t\t\t<div class=\"elementor-widget-wrap elementor-element-populated\">\n\t\t\t\t\t\t<div class=\"elementor-element elementor-element-970b496 elementor-widget elementor-widget-text-editor\" data-id=\"970b496\" data-element_type=\"widget\" data-widget_type=\"text-editor.default\">\n\t\t\t\t<div class=\"elementor-widget-container\">\n\t\t\t\t\t\t\t\t\t<ul><li><span style=\"font-weight: 400;\"><a href=\"https:\/\/docs.google.com\/document\/d\/1Sfn8ObPnP-s6vUfVlYuS3xd4kQU3p-iPkoHekyMXgQ0\/edit?usp=sharing\" target=\"_blank\" rel=\"noopener\">Aproveitamento de disciplinas<\/a>\u00a0<\/span><\/li><li><a href=\"https:\/\/docs.google.com\/document\/d\/1C4kPD3Se7xEBqKwgwz9iOY9F5QJsDmuzq_fMIcP_Br8\/edit?usp=sharing\" target=\"_blank\" rel=\"noopener\">Cancelamento de inscri\u00e7\u00e3o em disciplina<\/a><\/li><li><a href=\"https:\/\/docs.google.com\/document\/d\/1SHTOfupdcSUAMm7kHJax5NwqD1h1yzLtefBsccM07i4\/edit?usp=sharing\" target=\"_blank\" rel=\"noopener\"><span style=\"font-weight: 400;\">Cancelamento de matr\u00edcula institucional (desligamento do PPGF)<\/span><\/a><\/li><li><a href=\"https:\/\/docs.google.com\/document\/d\/1qLof8u8q5GBGznve8-iOtB1PZDQrZ0ygT3pwkRgpLq8\/edit?usp=sharing\" target=\"_blank\" rel=\"noopener\">Ministrar disciplinas na gradua\u00e7\u00e3o<\/a><\/li><li><span style=\"font-weight: 400;\"><a href=\"https:\/\/docs.google.com\/document\/d\/1ghJIuErfpapMMXh0-OIv6SItI65kykb5z-3NPL--NyE\/edit?usp=sharing\" target=\"_blank\" rel=\"noopener\">Orienta\u00e7\u00e3o Acad\u00eamica<\/a>\u00a0<\/span><\/li><li><a href=\"https:\/\/docs.google.com\/document\/d\/1oN3pqtRd7ciir2RI6PM-IM6QZqXaWXXOZ-bVjqGoyZY\/edit?usp=sharing\" target=\"_blank\" rel=\"noopener\"><span style=\"font-weight: 400;\">Prorroga\u00e7\u00e3o de prazo de defesa\u00a0<\/span><\/a><\/li><li><a href=\"https:\/\/docs.google.com\/document\/d\/1w1VPNVJoy1vAwS5ZRoiR8Kopa7e1pjgfNZDQwN6cTvY\/edit?usp=sharing\" target=\"_blank\" rel=\"noopener\"><span style=\"font-weight: 400;\">Requerimento geral\u00a0<\/span><\/a><\/li><li><a href=\"https:\/\/docs.google.com\/document\/d\/1zea3LFlE-0LCi5kBZxz3OqQWzJ3hRvdPCB0TlgpwCD0\/edit?usp=sharing\" target=\"_blank\" rel=\"noopener\"><span style=\"font-weight: 400;\">Relat\u00f3rio de atividades semestrais do discente\u00a0<\/span><\/a><\/li><li><a href=\"https:\/\/docs.google.com\/document\/d\/1Q9Hba9WRCw73bCwkFcfljocOs-G-E0IIMWxezlENmmQ\/edit?usp=sharing\" target=\"_blank\" rel=\"noopener\"><span style=\"font-weight: 400;\">Relat\u00f3rio de est\u00e1gio doc\u00eancia<\/span><\/a><\/li><li><a href=\"https:\/\/docs.google.com\/document\/d\/1FZNZnGPR71Skjhh2ZXwlBTUHJ30_QitZ3V7gpAbKPGI\/edit?usp=sharing\" target=\"_blank\" rel=\"noopener\"><span style=\"font-weight: 400;\">Segunda chamada de avalia\u00e7\u00e3o<\/span><\/a><\/li><li><a href=\"https:\/\/docs.google.com\/document\/d\/1feg6cpN3MXPebFAL2Ed54uAbBaJKL9n17fv0OAZNCdw\/edit?usp=sharing\" target=\"_blank\" rel=\"noopener\">Solicita\u00e7\u00e3o de aux\u00edlio financeiro &#8211; discentes<\/a><\/li><li><a href=\"https:\/\/docs.google.com\/document\/d\/1Vm5AVW_NtU7LX-ICvKu_H3AXoTnpRXcBBym_6FJKcpQ\/edit?usp=sharing\" target=\"_blank\" rel=\"noopener\">Solicita\u00e7\u00e3o de bolsa CAPES-DS para discentes COM v\u00ednculo empregat\u00edcio ou outros rendimentos<\/a><\/li><li><a href=\"https:\/\/docs.google.com\/document\/d\/1mIpcoDEsEOlpogy8p2EvWdl3vS8Xpwsqx3h1AjF5ctw\/edit?usp=sharing\" target=\"_blank\" rel=\"noopener\">Solicita\u00e7\u00e3o de bolsa CAPES-DS para discentes SEM v\u00ednculo empregat\u00edcio ou outros rendimentos<\/a><\/li><li><a href=\"https:\/\/docs.google.com\/document\/d\/1UFXUn11qWnTaDYxdEybt1Xnl-HmcwVcxbjfN1GZJIUA\/edit?usp=sharing\" target=\"_blank\" rel=\"noopener\"><span style=\"font-weight: 400;\">Solicita\u00e7\u00e3o de di\u00e1ria(s) \u2013 professor interno<\/span><\/a><\/li><li><a href=\"https:\/\/docs.google.com\/document\/d\/1M6afnRdXtfGZrKcFAhY6ps9Xyv7i7uRBJmtcwLdEwlc\/edit?usp=sharing\" target=\"_blank\" rel=\"noopener\"><span style=\"font-weight: 400;\">Solicita\u00e7\u00e3o de di\u00e1ria(s) \u2013 professor\/visitante externo<\/span><\/a><\/li><\/ul><h3>NOVOS DOCENTES<\/h3><ul><li><a style=\"text-align: -webkit-match-parent; background-color: #ffffff; letter-spacing: 0px;\" href=\"https:\/\/docs.google.com\/document\/d\/1MMTVDrXPuE1F429azYmFJ-LUiheGH0JaTUednAWfZSQ\/edit?usp=sharing\" target=\"_blank\" rel=\"noopener\">Formul\u00e1rio para Credenciamento e Recredenciamento de Docentes<\/a><span style=\"color: #0048ab; text-align: -webkit-match-parent; letter-spacing: 0px;\">\u00a0<\/span><\/li><\/ul><h3><strong>ALUNO ESPECIAL EM DISCIPLINA<\/strong><\/h3><ul><li><a style=\"text-align: -webkit-match-parent; font-family: Helvetica, sans-serif; font-size: 16px; font-weight: 400; background-color: #ffffff; letter-spacing: 0px;\" href=\"https:\/\/docs.google.com\/document\/d\/1N7lq-eCsXZKQ4UgoucW4dNprUfFhon7HYK4vJ2tfdEk\/edit?usp=sharing\" target=\"_blank\" rel=\"noopener\">Requerimento para matr\u00edcula em disciplina como aluno especial<\/a><span style=\"color: #0048ab; text-align: -webkit-match-parent; font-family: Helvetica, sans-serif; font-size: 16px; font-weight: 400; letter-spacing: 0px;\">\u00a0<\/span><\/li><\/ul><h3><strong>EXPEDI\u00c7\u00c3O DE DIPLOMA\u00a0<\/strong><\/h3><ul><li><a href=\"https:\/\/drive.google.com\/file\/d\/1hAtS8epvTwEUqtEZC9AJvtvFi1EDjK7p\/view?usp=sharing\" target=\"_blank\" rel=\"noopener\">Procedimentos P\u00f3s-defesa no SIGAA para solicita\u00e7\u00e3o de diploma<span style=\"color: #0048ab; text-align: -webkit-match-parent; font-family: Helvetica, sans-serif; font-size: 16px; font-weight: 400; letter-spacing: 0px;\">\u00a0<\/span><\/a><\/li><li><a style=\"text-align: -webkit-match-parent; font-family: Helvetica, sans-serif; font-size: 16px; font-weight: 400; background-color: #ffffff; letter-spacing: 0px;\" href=\"https:\/\/docs.google.com\/document\/d\/1_aBp38kovZJ4c3uvDU_QXfk8wg3FKc7w\/edit?usp=sharing&amp;ouid=102464156525478692111&amp;rtpof=true&amp;sd=true\" target=\"_blank\" rel=\"noopener\">Requerimento Diploma<\/a><span style=\"color: #0048ab; text-align: -webkit-match-parent; font-family: Helvetica, sans-serif; font-size: 16px; font-weight: 400; letter-spacing: 0px;\">\u00a0<\/span><\/li><li><a style=\"letter-spacing: 0px; text-align: -webkit-match-parent; font-family: Helvetica, sans-serif; font-size: 16px; font-weight: 400; background-color: #ffffff;\" href=\"https:\/\/docs.google.com\/document\/d\/1HVUXqxr26puIvOVVC7CI5y0M7ktJOBOrp3WeD1HolOs\/edit?usp=sharing\" target=\"_blank\" rel=\"noopener\">Documentos necess\u00e1rios para solicita\u00e7\u00e3o do diploma de Mestre ou Doutor em F\u00edsica\u00a0<\/a><\/li><\/ul><h3><strong>MANUAL PARA PROCEDIMENTOS &#8211; PROPEG<\/strong><\/h3><ul><li><a style=\"text-align: -webkit-match-parent; letter-spacing: 0px; background-color: #ffffff;\" href=\"https:\/\/ppgf.uern.br\/files\/Manual_de_alguns_procedimentos_-_PROPEG.pdf\" target=\"_blank\" rel=\"noopener\">Manual para alguns procedimentos &#8211; PROPEG<\/a><\/li><\/ul>\t\t\t\t\t\t\t\t<\/div>\n\t\t\t\t<\/div>\n\t\t\t\t\t<\/div>\n\t\t<\/div>\n\t\t\t\t\t<\/div>\n\t\t<\/section>\n\t\t\t\t<\/div>\n\t\t","protected":false},"excerpt":{"rendered":"<p>Aten\u00e7\u00e3o: voc\u00ea n\u00e3o poder\u00e1 editar esses arquivos diretamente no site. Para edit\u00e1-los, baixe o arquivo para o seu computador no formato desejado. Aproveitamento de disciplinas\u00a0 Cancelamento de inscri\u00e7\u00e3o em disciplina Cancelamento de matr\u00edcula institucional (desligamento do PPGF) Ministrar disciplinas na gradua\u00e7\u00e3o Orienta\u00e7\u00e3o Acad\u00eamica\u00a0 Prorroga\u00e7\u00e3o de prazo de defesa\u00a0 Requerimento geral\u00a0 Relat\u00f3rio de atividades semestrais do [&hellip;]<\/p>\n","protected":false},"author":3,"featured_media":0,"parent":0,"menu_order":0,"comment_status":"closed","ping_status":"closed","template":"","meta":{"footnotes":""},"class_list":["post-151","page","type-page","status-publish","hentry"],"_links":{"self":[{"href":"https:\/\/ppgf.uern.br\/index.php?rest_route=\/wp\/v2\/pages\/151","targetHints":{"allow":["GET"]}}],"collection":[{"href":"https:\/\/ppgf.uern.br\/index.php?rest_route=\/wp\/v2\/pages"}],"about":[{"href":"https:\/\/ppgf.uern.br\/index.php?rest_route=\/wp\/v2\/types\/page"}],"author":[{"embeddable":true,"href":"https:\/\/ppgf.uern.br\/index.php?rest_route=\/wp\/v2\/users\/3"}],"replies":[{"embeddable":true,"href":"https:\/\/ppgf.uern.br\/index.php?rest_route=%2Fwp%2Fv2%2Fcomments&post=151"}],"version-history":[{"count":102,"href":"https:\/\/ppgf.uern.br\/index.php?rest_route=\/wp\/v2\/pages\/151\/revisions"}],"predecessor-version":[{"id":5878,"href":"https:\/\/ppgf.uern.br\/index.php?rest_route=\/wp\/v2\/pages\/151\/revisions\/5878"}],"wp:attachment":[{"href":"https:\/\/ppgf.uern.br\/index.php?rest_route=%2Fwp%2Fv2%2Fmedia&parent=151"}],"curies":[{"name":"wp","href":"https:\/\/api.w.org\/{rel}","templated":true}]}}