{"id":128,"date":"2021-01-16T17:51:34","date_gmt":"2021-01-16T17:51:34","guid":{"rendered":"http:\/\/ppgf.42web.io\/?page_id=128"},"modified":"2021-06-04T10:42:14","modified_gmt":"2021-06-04T13:42:14","slug":"apresentacao","status":"publish","type":"page","link":"https:\/\/ppgf.uern.br\/?page_id=128","title":{"rendered":"Apresenta\u00e7\u00e3o"},"content":{"rendered":"\t\t<div data-elementor-type=\"wp-page\" data-elementor-id=\"128\" class=\"elementor elementor-128\" data-elementor-post-type=\"page\">\n\t\t\t\t\t\t<section class=\"elementor-section elementor-top-section elementor-element elementor-element-e9f1b83 elementor-section-boxed elementor-section-height-default elementor-section-height-default\" data-id=\"e9f1b83\" data-element_type=\"section\">\n\t\t\t\t\t\t<div class=\"elementor-container elementor-column-gap-default\">\n\t\t\t\t\t<div class=\"elementor-column elementor-col-100 elementor-top-column elementor-element elementor-element-a755976\" data-id=\"a755976\" data-element_type=\"column\">\n\t\t\t<div class=\"elementor-widget-wrap elementor-element-populated\">\n\t\t\t\t\t\t<div class=\"elementor-element elementor-element-0acce28 elementor-widget elementor-widget-image\" data-id=\"0acce28\" data-element_type=\"widget\" data-widget_type=\"image.default\">\n\t\t\t\t<div class=\"elementor-widget-container\">\n\t\t\t\t\t\t\t\t\t\t\t\t\t\t\t<img decoding=\"async\" src=\"http:\/\/ppgf.42web.io\/wp-content\/uploads\/2021\/01\/logo-site.png\" title=\"\" alt=\"\" loading=\"lazy\" \/>\t\t\t\t\t\t\t\t\t\t\t\t\t\t\t<\/div>\n\t\t\t\t<\/div>\n\t\t\t\t\t<\/div>\n\t\t<\/div>\n\t\t\t\t\t<\/div>\n\t\t<\/section>\n\t\t\t\t<section class=\"elementor-section elementor-top-section elementor-element elementor-element-1b01561 elementor-section-boxed elementor-section-height-default elementor-section-height-default\" data-id=\"1b01561\" data-element_type=\"section\">\n\t\t\t\t\t\t<div class=\"elementor-container elementor-column-gap-default\">\n\t\t\t\t\t<div class=\"elementor-column elementor-col-100 elementor-top-column elementor-element elementor-element-6c216b1\" data-id=\"6c216b1\" data-element_type=\"column\">\n\t\t\t<div class=\"elementor-widget-wrap elementor-element-populated\">\n\t\t\t\t\t\t<div class=\"elementor-element elementor-element-bdccc62 elementor-widget elementor-widget-text-editor\" data-id=\"bdccc62\" data-element_type=\"widget\" data-widget_type=\"text-editor.default\">\n\t\t\t\t<div class=\"elementor-widget-container\">\n\t\t\t\t\t\t\t\t\t<p>O Programa de P\u00f3s-Gradua\u00e7\u00e3o em F\u00edsica (PPGF) da Universidade do Estado do Rio Grande do Norte foi recomendado pela CAPES em 2007, iniciando suas atividades com o Curso de Mestrado em 2008 e tendo como \u00e1rea de concentra\u00e7\u00e3o a F\u00edsica da Mat\u00e9ria Condensada. Em 2012 foi implementada sua segunda \u00e1rea de concentra\u00e7\u00e3o, Astrof\u00edsica e Cosmologia. O Curso de Doutorado em F\u00edsica foi aprovado em 2018.<\/p><p>As linhas de pesquisas do PPGF est\u00e3o distribu\u00eddas nas duas \u00e1reas de concentra\u00e7\u00e3o. Em F\u00edsica da Mat\u00e9ria Condensada essas linhas s\u00e3o Materiais Magn\u00e9ticos e Propriedades Magn\u00e9ticas; F\u00edsica Estat\u00edstica e Teoria Cin\u00e9tica e Materiais Diel\u00e9tricos e Semicondutores. Na \u00e1rea de Astrof\u00edsica e Cosmologia as pesquisas s\u00e3o realizadas em Astrof\u00edsica Estelar ou em Cosmologia e Gravita\u00e7\u00e3o.<\/p><p>O Programa tem sede em Mossor\u00f3, que \u00e9 a cidade polo de uma regi\u00e3o abrangendo 30 munic\u00edpios e que inclui parte dos estados do Cear\u00e1 e da Para\u00edba. Essa regi\u00e3o experimenta um intenso processo desenvolvimento econ\u00f4mico e de infraestrutura e o PPGF atua como indutor nesse processo. Atualmente, cerca de 90% dos egressos do programa est\u00e3o cursando doutorado no Brasil ou no exterior, s\u00e3o docentes em universidades p\u00fablicas e institutos federais de educa\u00e7\u00e3o ou lecionando em escolas p\u00fablicas e privadas do Ensino M\u00e9dio.<\/p><p>As colabora\u00e7\u00f5es e parcerias estabelecidas pelo PPGF envolvem diversas institui\u00e7\u00f5es brasileiras ou internacionais, como por exemplo: UFRN, UFC, UFPE, ON, UFCG, USP, Universidade do Minho, University of Glasgow, Lomonosov Moscow State University, dentre outras.<\/p><p>A sele\u00e7\u00e3o de novos estudantes para os cursos de mestrado e doutorado \u00e9 realizada duas vezes por ano. O processo seletivo \u00e9 feito por meio de avalia\u00e7\u00e3o de desempenho, entrevista e an\u00e1lise de curr\u00edculo e os estudantes selecionados podem ser contemplados com bolsa de estudos financiada pela CAPES.<\/p>\t\t\t\t\t\t\t\t<\/div>\n\t\t\t\t<\/div>\n\t\t\t\t\t<\/div>\n\t\t<\/div>\n\t\t\t\t\t<\/div>\n\t\t<\/section>\n\t\t\t\t<\/div>\n\t\t","protected":false},"excerpt":{"rendered":"<p>O Programa de P\u00f3s-Gradua\u00e7\u00e3o em F\u00edsica (PPGF) da Universidade do Estado do Rio Grande do Norte foi recomendado pela CAPES em 2007, iniciando suas atividades com o Curso de Mestrado em 2008 e tendo como \u00e1rea de concentra\u00e7\u00e3o a F\u00edsica da Mat\u00e9ria Condensada. Em 2012 foi implementada sua segunda \u00e1rea de concentra\u00e7\u00e3o, Astrof\u00edsica e Cosmologia. [&hellip;]<\/p>\n","protected":false},"author":3,"featured_media":0,"parent":0,"menu_order":0,"comment_status":"closed","ping_status":"closed","template":"","meta":{"footnotes":""},"class_list":["post-128","page","type-page","status-publish","hentry"],"_links":{"self":[{"href":"https:\/\/ppgf.uern.br\/index.php?rest_route=\/wp\/v2\/pages\/128","targetHints":{"allow":["GET"]}}],"collection":[{"href":"https:\/\/ppgf.uern.br\/index.php?rest_route=\/wp\/v2\/pages"}],"about":[{"href":"https:\/\/ppgf.uern.br\/index.php?rest_route=\/wp\/v2\/types\/page"}],"author":[{"embeddable":true,"href":"https:\/\/ppgf.uern.br\/index.php?rest_route=\/wp\/v2\/users\/3"}],"replies":[{"embeddable":true,"href":"https:\/\/ppgf.uern.br\/index.php?rest_route=%2Fwp%2Fv2%2Fcomments&post=128"}],"version-history":[{"count":9,"href":"https:\/\/ppgf.uern.br\/index.php?rest_route=\/wp\/v2\/pages\/128\/revisions"}],"predecessor-version":[{"id":3427,"href":"https:\/\/ppgf.uern.br\/index.php?rest_route=\/wp\/v2\/pages\/128\/revisions\/3427"}],"wp:attachment":[{"href":"https:\/\/ppgf.uern.br\/index.php?rest_route=%2Fwp%2Fv2%2Fmedia&parent=128"}],"curies":[{"name":"wp","href":"https:\/\/api.w.org\/{rel}","templated":true}]}}